{"id":256,"date":"2025-12-10T20:08:35","date_gmt":"2025-12-10T20:08:35","guid":{"rendered":"https:\/\/staycoolandsail.com\/?page_id=256"},"modified":"2026-01-23T15:22:55","modified_gmt":"2026-01-23T15:22:55","slug":"louer-un-voilier-ou-catamaran","status":"publish","type":"page","link":"https:\/\/staycoolandsail.com\/en\/louer-un-voilier-ou-catamaran\/","title":{"rendered":"Louer un Voilier ou Catamaran | Location avec ou sans Skipper"},"content":{"rendered":"<p>[et_pb_section fb_built=\u00a0\u00bb1&Prime; custom_padding_last_edited=\u00a0\u00bbon|phone\u00a0\u00bb admin_label=\u00a0\u00bbHeader\u00a0\u00bb _builder_version=\u00a0\u00bb4.27.5&Prime; _module_preset=\u00a0\u00bbdefault\u00a0\u00bb use_background_color_gradient=\u00a0\u00bbon\u00a0\u00bb background_color_gradient_stops=\u00a0\u00bbrgba(255,255,255,0.18) 51%|#ffffff 100%\u00a0\u00bb background_color_gradient_overlays_image=\u00a0\u00bbon\u00a0\u00bb background_color_gradient_start=\u00a0\u00bbrgba(18,17,93,0.4)\u00a0\u00bb background_color_gradient_end=\u00a0\u00bbrgba(18,17,93,0.93)\u00a0\u00bb background_image=\u00a0\u00bbhttps:\/\/staycoolandsail.com\/wp-content\/uploads\/2025\/12\/stay-cool-and-sail-1-scaled.jpeg\u00a0\u00bb custom_padding=\u00a0\u00bb120px||50px||false|false\u00a0\u00bb custom_padding_tablet=\u00a0\u00bb100px||100px||true|false\u00a0\u00bb custom_padding_phone=\u00a0\u00bb80px||80px||true|false\u00a0\u00bb background_color_gradient_stops_tablet=\u00a0\u00bbrgba(18,17,93,0.4) 100%|rgba(18,17,93,0.93) 100%\u00a0\u00bb background_color_gradient_stops_phone=\u00a0\u00bbrgba(18,17,93,0.4) 100%|rgba(18,17,93,0.93) 100%\u00a0\u00bb background_color_gradient_start_position_tablet=\u00a0\u00bb100%\u00a0\u00bb background_color_gradient_start_position_phone=\u00a0\u00bb100%\u00a0\u00bb background_color_gradient_end_position_tablet=\u00a0\u00bb100%\u00a0\u00bb background_color_gradient_end_position_phone=\u00a0\u00bb100%\u00a0\u00bb locked=\u00a0\u00bboff\u00a0\u00bb global_colors_info=\u00a0\u00bb{}\u00a0\u00bb][et_pb_row column_structure=\u00a0\u00bb2_5,3_5&Prime; use_custom_gutter=\u00a0\u00bbon\u00a0\u00bb gutter_width=\u00a0\u00bb1&Prime; make_equal=\u00a0\u00bbon\u00a0\u00bb _builder_version=\u00a0\u00bb4.27.5&Prime; _module_preset=\u00a0\u00bbdefault\u00a0\u00bb custom_padding=\u00a0\u00bb0px||0px||true|false\u00a0\u00bb border_width_all=\u00a0\u00bb2px\u00a0\u00bb border_color_all=\u00a0\u00bb#FFFFFF\u00a0\u00bb locked=\u00a0\u00bboff\u00a0\u00bb global_colors_info=\u00a0\u00bb{}\u00a0\u00bb][et_pb_column type=\u00a0\u00bb2_5&Prime; _builder_version=\u00a0\u00bb4.27.5&Prime; _module_preset=\u00a0\u00bbdefault\u00a0\u00bb custom_padding=\u00a0\u00bb35px|35px|35px|35px|true|true\u00a0\u00bb custom_padding_tablet=\u00a0\u00bb40px|30px|40px|30px|true|true\u00a0\u00bb custom_padding_phone=\u00a0\u00bb|20px||20px|true|true\u00a0\u00bb custom_padding_last_edited=\u00a0\u00bbon|tablet\u00a0\u00bb global_colors_info=\u00a0\u00bb{}\u00a0\u00bb][et_pb_text _builder_version=\u00a0\u00bb4.27.5&Prime; _module_preset=\u00a0\u00bbd72c0383-6487-4f2c-ac5c-7d48a6376757&Prime; header_font=\u00a0\u00bbPoppins||||||||\u00a0\u00bb header_text_align=\u00a0\u00bbleft\u00a0\u00bb header_text_color=\u00a0\u00bb#FFFFFF\u00a0\u00bb header_font_size=\u00a0\u00bb39px\u00a0\u00bb header_line_height=\u00a0\u00bb1.2em\u00a0\u00bb text_orientation=\u00a0\u00bbcenter\u00a0\u00bb animation_direction=\u00a0\u00bbtop\u00a0\u00bb header_font_size_tablet=\u00a0\u00bb4vw\u00a0\u00bb header_font_size_phone=\u00a0\u00bb6vw\u00a0\u00bb header_font_size_last_edited=\u00a0\u00bbon|phone\u00a0\u00bb locked=\u00a0\u00bboff\u00a0\u00bb global_colors_info=\u00a0\u00bb{}\u00a0\u00bb]<\/p>\n<h1 data-path-to-node=\"2\"><strong>Louer un Voilier ou Catamaran<br \/><\/strong>Location avec ou sans Skipper<\/h1>\n<p data-path-to-node=\"3\">[\/et_pb_text][\/et_pb_column][et_pb_column type=\u00a0\u00bb3_5&Prime; _builder_version=\u00a0\u00bb4.16&Prime; _module_preset=\u00a0\u00bbdefault\u00a0\u00bb background_color=\u00a0\u00bb#FFFFFF\u00a0\u00bb custom_padding=\u00a0\u00bb35px|35px|35px|35px|true|true\u00a0\u00bb custom_padding_tablet=\u00a0\u00bb40px|30px|40px|30px|true|true\u00a0\u00bb custom_padding_phone=\u00a0\u00bb|20px||20px|true|true\u00a0\u00bb custom_padding_last_edited=\u00a0\u00bbon|tablet\u00a0\u00bb global_colors_info=\u00a0\u00bb{}\u00a0\u00bb][et_pb_text _builder_version=\u00a0\u00bb4.27.5&Prime; _module_preset=\u00a0\u00bb3a5fa9a7-7987-4564-89a5-37b87a5b6ad8&Prime; text_letter_spacing=\u00a0\u00bb1px\u00a0\u00bb header_font=\u00a0\u00bb||||||||\u00a0\u00bb header_2_font=\u00a0\u00bb|600||on|||||\u00a0\u00bb header_2_text_align=\u00a0\u00bbleft\u00a0\u00bb header_2_text_color=\u00a0\u00bb#F78800&Prime; header_2_font_size=\u00a0\u00bb19px\u00a0\u00bb header_2_line_height=\u00a0\u00bb1.3em\u00a0\u00bb header_3_font=\u00a0\u00bbPoppins||||||||\u00a0\u00bb header_3_font_size=\u00a0\u00bb18px\u00a0\u00bb header_3_line_height=\u00a0\u00bb1.6em\u00a0\u00bb text_orientation=\u00a0\u00bbcenter\u00a0\u00bb background_layout=\u00a0\u00bbdark\u00a0\u00bb custom_margin=\u00a0\u00bb||0px||false|false\u00a0\u00bb header_3_font_size_tablet=\u00a0\u00bb20px\u00a0\u00bb header_3_font_size_phone=\u00a0\u00bb16px\u00a0\u00bb header_3_font_size_last_edited=\u00a0\u00bbon|desktop\u00a0\u00bb locked=\u00a0\u00bboff\u00a0\u00bb global_colors_info=\u00a0\u00bb{}\u00a0\u00bb]<\/p>\n<h2 data-path-to-node=\"2\">Cr\u00e9ez Votre Croisi\u00e8re Id\u00e9ale avec Stay Cool and Sail<\/h2>\n<p>[\/et_pb_text][et_pb_text _builder_version=\u00a0\u00bb4.27.5&Prime; _module_preset=\u00a0\u00bb16a54059-cc81-4572-9c70-eda6a6c419bf\u00a0\u00bb text_font=\u00a0\u00bb&#8211;et_global_body_font||||||||\u00a0\u00bb text_text_color=\u00a0\u00bb#000000&Prime; text_font_size=\u00a0\u00bb18px\u00a0\u00bb text_line_height=\u00a0\u00bb2em\u00a0\u00bb text_font_size_tablet=\u00a0\u00bb16px\u00a0\u00bb text_font_size_phone=\u00a0\u00bb14px\u00a0\u00bb text_font_size_last_edited=\u00a0\u00bbon|phone\u00a0\u00bb locked=\u00a0\u00bboff\u00a0\u00bb global_colors_info=\u00a0\u00bb{}\u00a0\u00bb]<\/p>\n<p data-path-to-node=\"5\"><span>En tant que skipper\/formateur, nous avons de l&rsquo;exp\u00e9rience de navigation sur plusieurs types de yachts. Nous connaissons aussi les subtilit\u00e9s des diff\u00e9rentes r\u00e9gions et, gr\u00e2ce \u00e0 des partenariats durables, nous vous aiderons \u00e0 <strong>trouver le yacht qui convient \u00e0 votre exp\u00e9rience de navigation et \u00e0 votre destination. <\/strong><\/span><\/p>\n<p data-path-to-node=\"5\"><span>Que vous soyez un <b>marin exp\u00e9riment\u00e9<\/b> cherchant un <b>bateau performant<\/b> ou une famille d\u00e9sirant le confort d&rsquo;un <b>catamaran spacieux<\/b>, votre <b>location de voilier<\/b> commence ici.<\/span><\/p>\n<p>[\/et_pb_text][\/et_pb_column][\/et_pb_row][et_pb_row _builder_version=\u00a0\u00bb4.16&Prime; _module_preset=\u00a0\u00bbdefault\u00a0\u00bb global_colors_info=\u00a0\u00bb{}\u00a0\u00bb][et_pb_column type=\u00a0\u00bb4_4&Prime; _builder_version=\u00a0\u00bb4.16&Prime; _module_preset=\u00a0\u00bbdefault\u00a0\u00bb global_colors_info=\u00a0\u00bb{}\u00a0\u00bb][et_pb_code _builder_version=\u00a0\u00bb4.27.5&Prime; _module_preset=\u00a0\u00bbdefault\u00a0\u00bb global_colors_info=\u00a0\u00bb{}\u00a0\u00bb]<iframe id=\"wbmResult\" width=\"100%\" frameborder=\"0\" scrolling=\"no\" src=\"https:\/\/www.booking-manager.com\/wbm2\/page.html?companyid=7896&#038;setlang=fr\" allowTransparency=\"true\" onload=\"window.parent.parent.scrollTo(0,0)\"><\/iframe><!-- [et_pb_line_break_holder] --><script src=\"https:\/\/www.booking-manager.com\/down\/wbm-alter.js\"><\/script>[\/et_pb_code][\/et_pb_column][\/et_pb_row][\/et_pb_section][et_pb_section fb_built=\u00a0\u00bb1&Prime; _builder_version=\u00a0\u00bb4.27.5&Prime; _module_preset=\u00a0\u00bbdefault\u00a0\u00bb global_colors_info=\u00a0\u00bb{}\u00a0\u00bb][et_pb_row _builder_version=\u00a0\u00bb4.27.5&Prime; width_tablet=\u00a0\u00bb\u00a0\u00bb width_phone=\u00a0\u00bb\u00a0\u00bb width_last_edited=\u00a0\u00bbon|desktop\u00a0\u00bb custom_padding=\u00a0\u00bb|||\u00a0\u00bb locked=\u00a0\u00bboff\u00a0\u00bb global_colors_info=\u00a0\u00bb{}\u00a0\u00bb][et_pb_column type=\u00a0\u00bb4_4&Prime; _builder_version=\u00a0\u00bb4.16&Prime; custom_padding=\u00a0\u00bb|||\u00a0\u00bb global_colors_info=\u00a0\u00bb{}\u00a0\u00bb custom_padding__hover=\u00a0\u00bb|||\u00a0\u00bb][et_pb_image src=\u00a0\u00bbhttps:\/\/staycoolandsail.com\/wp-content\/uploads\/2025\/12\/sigle-rvb.png\u00a0\u00bb title_text=\u00a0\u00bbsigle rvb\u00a0\u00bb align=\u00a0\u00bbcenter\u00a0\u00bb _builder_version=\u00a0\u00bb4.27.5&Prime; _module_preset=\u00a0\u00bbdefault\u00a0\u00bb width=\u00a0\u00bb15%\u00a0\u00bb width_tablet=\u00a0\u00bb15%\u00a0\u00bb width_phone=\u00a0\u00bb16%\u00a0\u00bb width_last_edited=\u00a0\u00bbon|tablet\u00a0\u00bb module_alignment=\u00a0\u00bbcenter\u00a0\u00bb locked=\u00a0\u00bboff\u00a0\u00bb global_colors_info=\u00a0\u00bb{}\u00a0\u00bb][\/et_pb_image][et_pb_text _builder_version=\u00a0\u00bb4.27.5&Prime; _module_preset=\u00a0\u00bb32021f09-dd67-47fb-8f9a-832b72a38baf\u00a0\u00bb header_text_color=\u00a0\u00bb#F29200&Prime; header_2_font=\u00a0\u00bb&#8211;et_global_heading_font|600|||||||\u00a0\u00bb header_2_text_align=\u00a0\u00bbcenter\u00a0\u00bb header_2_text_color=\u00a0\u00bb#5DBFBD\u00a0\u00bb header_2_font_size=\u00a0\u00bb35px\u00a0\u00bb header_2_line_height=\u00a0\u00bb1.1em\u00a0\u00bb custom_margin=\u00a0\u00bb||10px||false|false\u00a0\u00bb animation_direction=\u00a0\u00bbleft\u00a0\u00bb header_2_font_size_tablet=\u00a0\u00bb35px\u00a0\u00bb header_2_font_size_phone=\u00a0\u00bb25px\u00a0\u00bb header_2_font_size_last_edited=\u00a0\u00bbon|phone\u00a0\u00bb locked=\u00a0\u00bboff\u00a0\u00bb global_colors_info=\u00a0\u00bb{}\u00a0\u00bb]<\/p>\n<div id=\"comp-lrtf1a4o\" class=\"Z_l5lU ku3DBC zQ9jDz qvSjx3 Vq6kJx comp-lrtf1a4o wixui-rich-text\" data-testid=\"richTextElement\">\n<h2 class=\"font_2 wixui-rich-text__text\"><strong>Pourquoi passer par Stay cool &amp; Sail ?<\/strong><\/h2>\n<\/div>\n<p>[\/et_pb_text][et_pb_text _builder_version=\u00a0\u00bb4.27.5&Prime; _module_preset=\u00a0\u00bbaec0be99-8a53-4f75-abf2-64f29a8b4cc2&Prime; text_font=\u00a0\u00bb&#8211;et_global_body_font||||||||\u00a0\u00bb text_text_color=\u00a0\u00bb#000000&Prime; text_font_size=\u00a0\u00bb18px\u00a0\u00bb text_line_height=\u00a0\u00bb2em\u00a0\u00bb text_orientation=\u00a0\u00bbcenter\u00a0\u00bb custom_margin=\u00a0\u00bb40px||||false|false\u00a0\u00bb text_font_size_tablet=\u00a0\u00bb16px\u00a0\u00bb text_font_size_phone=\u00a0\u00bb16px\u00a0\u00bb text_font_size_last_edited=\u00a0\u00bbon|phone\u00a0\u00bb locked=\u00a0\u00bboff\u00a0\u00bb global_colors_info=\u00a0\u00bb{}\u00a0\u00bb]<\/p>\n<p><span>Le monde est notre terrain de jeu. Nos propres <b>aventures en voilier<\/b> nous ont men\u00e9s aux quatre coins de l&rsquo;Europe, comme vous le d\u00e9couvrirez sur le carnet de bord <span class=\"wixui-rich-text__text\"><a href=\"https:\/\/www.polarsteps.com\/staycoolandsail\" target=\"_blank\" rel=\"noreferrer noopener\" class=\"wixui-rich-text__text\">Polarsteps<\/a><\/span>. Inspir\u00e9s par ces p\u00e9riples, nous avons tiss\u00e9 des <b>partenariats locaux<\/b> solides dans ces destinations et \u00e9galement en Espagne et aux Cara\u00efbes. <\/span><\/p>\n<p><span>Ce r\u00e9seau mondial nous permet de collaborer avec des soci\u00e9t\u00e9s de location de confiance pour toujours trouver le <b>voilier id\u00e9al<\/b> et parfaitement adapt\u00e9 \u00e0 votre projet de navigation.<\/span><span><\/span><\/p>\n<p>[\/et_pb_text][et_pb_button button_url=\u00a0\u00bb@ET-DC@eyJkeW5hbWljIjp0cnVlLCJjb250ZW50IjoicG9zdF9saW5rX3VybF9wYWdlIiwic2V0dGluZ3MiOnsicG9zdF9pZCI6IjI3OCJ9fQ==@\u00a0\u00bb button_text=\u00a0\u00bbDemander un Devis Personnalis\u00e9\u00a0\u00bb button_alignment=\u00a0\u00bbcenter\u00a0\u00bb _builder_version=\u00a0\u00bb4.27.5&Prime; _dynamic_attributes=\u00a0\u00bbbutton_url\u00a0\u00bb _module_preset=\u00a0\u00bba93bd5f4-85ca-4af8-aab9-5954042d5969&Prime; custom_button=\u00a0\u00bbon\u00a0\u00bb button_text_size=\u00a0\u00bb14px\u00a0\u00bb button_bg_color=\u00a0\u00bb#F29200&Prime; button_border_width=\u00a0\u00bb0px\u00a0\u00bb button_border_radius=\u00a0\u00bb0px\u00a0\u00bb button_letter_spacing=\u00a0\u00bb2px\u00a0\u00bb button_font=\u00a0\u00bb|700||on|||||\u00a0\u00bb background_layout=\u00a0\u00bbdark\u00a0\u00bb custom_padding=\u00a0\u00bb14px|35px|14px|35px|true|true\u00a0\u00bb custom_padding_tablet=\u00a0\u00bb12px|30px|12px|30px|true|true\u00a0\u00bb custom_padding_phone=\u00a0\u00bb10px|20px|10px|20px|true|true\u00a0\u00bb custom_padding_last_edited=\u00a0\u00bbon|phone\u00a0\u00bb button_text_size_tablet=\u00a0\u00bb13px\u00a0\u00bb button_text_size_phone=\u00a0\u00bb12px\u00a0\u00bb button_text_size_last_edited=\u00a0\u00bbon|tablet\u00a0\u00bb locked=\u00a0\u00bboff\u00a0\u00bb global_colors_info=\u00a0\u00bb{}\u00a0\u00bb button_bg_color__hover=\u00a0\u00bb#5dbfbd\u00a0\u00bb button_bg_color__hover_enabled=\u00a0\u00bbon|hover\u00a0\u00bb button_bg_enable_color__hover=\u00a0\u00bbon\u00a0\u00bb][\/et_pb_button][\/et_pb_column][\/et_pb_row][\/et_pb_section]<\/p>\n","protected":false},"excerpt":{"rendered":"<p>Louer un Voilier ou CatamaranLocation avec ou sans Skipper Cr\u00e9ez Votre Croisi\u00e8re Id\u00e9ale avec Stay Cool and SailEn tant que skipper\/formateur, nous avons de l&rsquo;exp\u00e9rience de navigation sur plusieurs types de yachts. Nous connaissons aussi les subtilit\u00e9s des diff\u00e9rentes r\u00e9gions et, gr\u00e2ce \u00e0 des partenariats durables, nous vous aiderons \u00e0 trouver le yacht qui convient [&hellip;]<\/p>\n","protected":false},"author":1,"featured_media":1105,"parent":0,"menu_order":0,"comment_status":"closed","ping_status":"closed","template":"","meta":{"_et_pb_use_builder":"on","_et_pb_old_content":"","_et_gb_content_width":"","footnotes":""},"class_list":["post-256","page","type-page","status-publish","has-post-thumbnail","hentry"],"yoast_head":"<!-- This site is optimized with the Yoast SEO plugin v27.4 - https:\/\/yoast.com\/product\/yoast-seo-wordpress\/ -->\n<title>Louer un Voilier ou Catamaran | Location avec ou sans Skipper - Stay cool &amp; sail<\/title>\n<meta name=\"description\" content=\"Trouvez le bateau id\u00e9al pour vos vacances. Location de voiliers performants et catamarans confortables partout dans le monde via nos partenaires de confiance.\" \/>\n<meta name=\"robots\" content=\"index, follow, max-snippet:-1, max-image-preview:large, max-video-preview:-1\" \/>\n<link rel=\"canonical\" href=\"https:\/\/staycoolandsail.com\/en\/louer-un-voilier-ou-catamaran\/\" \/>\n<meta property=\"og:locale\" content=\"en_GB\" \/>\n<meta property=\"og:type\" content=\"article\" \/>\n<meta property=\"og:title\" content=\"Louer un Voilier ou Catamaran | Location avec ou sans Skipper - Stay cool &amp; sail\" \/>\n<meta property=\"og:description\" content=\"Trouvez le bateau id\u00e9al pour vos vacances. Location de voiliers performants et catamarans confortables partout dans le monde via nos partenaires de confiance.\" \/>\n<meta property=\"og:url\" content=\"https:\/\/staycoolandsail.com\/en\/louer-un-voilier-ou-catamaran\/\" \/>\n<meta property=\"og:site_name\" content=\"Stay cool &amp; sail\" \/>\n<meta property=\"article:modified_time\" content=\"2026-01-23T15:22:55+00:00\" \/>\n<meta property=\"og:image\" content=\"https:\/\/staycoolandsail.com\/wp-content\/uploads\/2025\/12\/formations-voilier-geneve-scaled.jpeg\" \/>\n\t<meta property=\"og:image:width\" content=\"2560\" \/>\n\t<meta property=\"og:image:height\" content=\"1435\" \/>\n\t<meta property=\"og:image:type\" content=\"image\/jpeg\" \/>\n<meta name=\"twitter:card\" content=\"summary_large_image\" \/>\n<meta name=\"twitter:label1\" content=\"Estimated reading time\" \/>\n\t<meta name=\"twitter:data1\" content=\"2 minutes\" \/>\n<script type=\"application\/ld+json\" class=\"yoast-schema-graph\">{\"@context\":\"https:\\\/\\\/schema.org\",\"@graph\":[{\"@type\":\"WebPage\",\"@id\":\"https:\\\/\\\/staycoolandsail.com\\\/louer-un-voilier-ou-catamaran\\\/\",\"url\":\"https:\\\/\\\/staycoolandsail.com\\\/louer-un-voilier-ou-catamaran\\\/\",\"name\":\"Louer un Voilier ou Catamaran | Location avec ou sans Skipper - Stay cool &amp; sail\",\"isPartOf\":{\"@id\":\"https:\\\/\\\/staycoolandsail.com\\\/#website\"},\"primaryImageOfPage\":{\"@id\":\"https:\\\/\\\/staycoolandsail.com\\\/louer-un-voilier-ou-catamaran\\\/#primaryimage\"},\"image\":{\"@id\":\"https:\\\/\\\/staycoolandsail.com\\\/louer-un-voilier-ou-catamaran\\\/#primaryimage\"},\"thumbnailUrl\":\"https:\\\/\\\/staycoolandsail.com\\\/wp-content\\\/uploads\\\/2025\\\/12\\\/formations-voilier-geneve-scaled.jpeg\",\"datePublished\":\"2025-12-10T20:08:35+00:00\",\"dateModified\":\"2026-01-23T15:22:55+00:00\",\"description\":\"Trouvez le bateau id\u00e9al pour vos vacances. Location de voiliers performants et catamarans confortables partout dans le monde via nos partenaires de confiance.\",\"breadcrumb\":{\"@id\":\"https:\\\/\\\/staycoolandsail.com\\\/louer-un-voilier-ou-catamaran\\\/#breadcrumb\"},\"inLanguage\":\"en-GB\",\"potentialAction\":[{\"@type\":\"ReadAction\",\"target\":[\"https:\\\/\\\/staycoolandsail.com\\\/louer-un-voilier-ou-catamaran\\\/\"]}]},{\"@type\":\"ImageObject\",\"inLanguage\":\"en-GB\",\"@id\":\"https:\\\/\\\/staycoolandsail.com\\\/louer-un-voilier-ou-catamaran\\\/#primaryimage\",\"url\":\"https:\\\/\\\/staycoolandsail.com\\\/wp-content\\\/uploads\\\/2025\\\/12\\\/formations-voilier-geneve-scaled.jpeg\",\"contentUrl\":\"https:\\\/\\\/staycoolandsail.com\\\/wp-content\\\/uploads\\\/2025\\\/12\\\/formations-voilier-geneve-scaled.jpeg\",\"width\":2560,\"height\":1435,\"caption\":\"A sunset cruise on sailboat with golden light reflecting on water\"},{\"@type\":\"BreadcrumbList\",\"@id\":\"https:\\\/\\\/staycoolandsail.com\\\/louer-un-voilier-ou-catamaran\\\/#breadcrumb\",\"itemListElement\":[{\"@type\":\"ListItem\",\"position\":1,\"name\":\"Accueil\",\"item\":\"https:\\\/\\\/staycoolandsail.com\\\/\"},{\"@type\":\"ListItem\",\"position\":2,\"name\":\"Louer un Voilier ou Catamaran | Location avec ou sans Skipper\"}]},{\"@type\":\"WebSite\",\"@id\":\"https:\\\/\\\/staycoolandsail.com\\\/#website\",\"url\":\"https:\\\/\\\/staycoolandsail.com\\\/\",\"name\":\"Stay cool & sail\",\"description\":\"Formation Voile &amp; Location de Voiliers\",\"publisher\":{\"@id\":\"https:\\\/\\\/staycoolandsail.com\\\/#organization\"},\"alternateName\":\"Stay cool & sail\",\"potentialAction\":[{\"@type\":\"SearchAction\",\"target\":{\"@type\":\"EntryPoint\",\"urlTemplate\":\"https:\\\/\\\/staycoolandsail.com\\\/?s={search_term_string}\"},\"query-input\":{\"@type\":\"PropertyValueSpecification\",\"valueRequired\":true,\"valueName\":\"search_term_string\"}}],\"inLanguage\":\"en-GB\"},{\"@type\":\"Organization\",\"@id\":\"https:\\\/\\\/staycoolandsail.com\\\/#organization\",\"name\":\"Stay cool & sail\",\"alternateName\":\"Stay cool & sail\",\"url\":\"https:\\\/\\\/staycoolandsail.com\\\/\",\"logo\":{\"@type\":\"ImageObject\",\"inLanguage\":\"en-GB\",\"@id\":\"https:\\\/\\\/staycoolandsail.com\\\/#\\\/schema\\\/logo\\\/image\\\/\",\"url\":\"https:\\\/\\\/staycoolandsail.com\\\/wp-content\\\/uploads\\\/2025\\\/12\\\/sigle-rvb.png\",\"contentUrl\":\"https:\\\/\\\/staycoolandsail.com\\\/wp-content\\\/uploads\\\/2025\\\/12\\\/sigle-rvb.png\",\"width\":697,\"height\":678,\"caption\":\"Stay cool & sail\"},\"image\":{\"@id\":\"https:\\\/\\\/staycoolandsail.com\\\/#\\\/schema\\\/logo\\\/image\\\/\"}}]}<\/script>\n<!-- \/ Yoast SEO plugin. -->","yoast_head_json":{"title":"Louer un Voilier ou Catamaran | Location avec ou sans Skipper - Stay cool &amp; sail","description":"Trouvez le bateau id\u00e9al pour vos vacances. Location de voiliers performants et catamarans confortables partout dans le monde via nos partenaires de confiance.","robots":{"index":"index","follow":"follow","max-snippet":"max-snippet:-1","max-image-preview":"max-image-preview:large","max-video-preview":"max-video-preview:-1"},"canonical":"https:\/\/staycoolandsail.com\/en\/louer-un-voilier-ou-catamaran\/","og_locale":"en_GB","og_type":"article","og_title":"Louer un Voilier ou Catamaran | Location avec ou sans Skipper - Stay cool &amp; sail","og_description":"Trouvez le bateau id\u00e9al pour vos vacances. Location de voiliers performants et catamarans confortables partout dans le monde via nos partenaires de confiance.","og_url":"https:\/\/staycoolandsail.com\/en\/louer-un-voilier-ou-catamaran\/","og_site_name":"Stay cool &amp; sail","article_modified_time":"2026-01-23T15:22:55+00:00","og_image":[{"width":2560,"height":1435,"url":"https:\/\/staycoolandsail.com\/wp-content\/uploads\/2025\/12\/formations-voilier-geneve-scaled.jpeg","type":"image\/jpeg"}],"twitter_card":"summary_large_image","twitter_misc":{"Estimated reading time":"2 minutes"},"schema":{"@context":"https:\/\/schema.org","@graph":[{"@type":"WebPage","@id":"https:\/\/staycoolandsail.com\/louer-un-voilier-ou-catamaran\/","url":"https:\/\/staycoolandsail.com\/louer-un-voilier-ou-catamaran\/","name":"Louer un Voilier ou Catamaran | Location avec ou sans Skipper - Stay cool &amp; sail","isPartOf":{"@id":"https:\/\/staycoolandsail.com\/#website"},"primaryImageOfPage":{"@id":"https:\/\/staycoolandsail.com\/louer-un-voilier-ou-catamaran\/#primaryimage"},"image":{"@id":"https:\/\/staycoolandsail.com\/louer-un-voilier-ou-catamaran\/#primaryimage"},"thumbnailUrl":"https:\/\/staycoolandsail.com\/wp-content\/uploads\/2025\/12\/formations-voilier-geneve-scaled.jpeg","datePublished":"2025-12-10T20:08:35+00:00","dateModified":"2026-01-23T15:22:55+00:00","description":"Trouvez le bateau id\u00e9al pour vos vacances. Location de voiliers performants et catamarans confortables partout dans le monde via nos partenaires de confiance.","breadcrumb":{"@id":"https:\/\/staycoolandsail.com\/louer-un-voilier-ou-catamaran\/#breadcrumb"},"inLanguage":"en-GB","potentialAction":[{"@type":"ReadAction","target":["https:\/\/staycoolandsail.com\/louer-un-voilier-ou-catamaran\/"]}]},{"@type":"ImageObject","inLanguage":"en-GB","@id":"https:\/\/staycoolandsail.com\/louer-un-voilier-ou-catamaran\/#primaryimage","url":"https:\/\/staycoolandsail.com\/wp-content\/uploads\/2025\/12\/formations-voilier-geneve-scaled.jpeg","contentUrl":"https:\/\/staycoolandsail.com\/wp-content\/uploads\/2025\/12\/formations-voilier-geneve-scaled.jpeg","width":2560,"height":1435,"caption":"A sunset cruise on sailboat with golden light reflecting on water"},{"@type":"BreadcrumbList","@id":"https:\/\/staycoolandsail.com\/louer-un-voilier-ou-catamaran\/#breadcrumb","itemListElement":[{"@type":"ListItem","position":1,"name":"Accueil","item":"https:\/\/staycoolandsail.com\/"},{"@type":"ListItem","position":2,"name":"Louer un Voilier ou Catamaran | Location avec ou sans Skipper"}]},{"@type":"WebSite","@id":"https:\/\/staycoolandsail.com\/#website","url":"https:\/\/staycoolandsail.com\/","name":"Stay cool & sail","description":"Formation Voile &amp; Location de Voiliers","publisher":{"@id":"https:\/\/staycoolandsail.com\/#organization"},"alternateName":"Stay cool & sail","potentialAction":[{"@type":"SearchAction","target":{"@type":"EntryPoint","urlTemplate":"https:\/\/staycoolandsail.com\/?s={search_term_string}"},"query-input":{"@type":"PropertyValueSpecification","valueRequired":true,"valueName":"search_term_string"}}],"inLanguage":"en-GB"},{"@type":"Organization","@id":"https:\/\/staycoolandsail.com\/#organization","name":"Stay cool & sail","alternateName":"Stay cool & sail","url":"https:\/\/staycoolandsail.com\/","logo":{"@type":"ImageObject","inLanguage":"en-GB","@id":"https:\/\/staycoolandsail.com\/#\/schema\/logo\/image\/","url":"https:\/\/staycoolandsail.com\/wp-content\/uploads\/2025\/12\/sigle-rvb.png","contentUrl":"https:\/\/staycoolandsail.com\/wp-content\/uploads\/2025\/12\/sigle-rvb.png","width":697,"height":678,"caption":"Stay cool & sail"},"image":{"@id":"https:\/\/staycoolandsail.com\/#\/schema\/logo\/image\/"}}]}},"_links":{"self":[{"href":"https:\/\/staycoolandsail.com\/en\/wp-json\/wp\/v2\/pages\/256","targetHints":{"allow":["GET"]}}],"collection":[{"href":"https:\/\/staycoolandsail.com\/en\/wp-json\/wp\/v2\/pages"}],"about":[{"href":"https:\/\/staycoolandsail.com\/en\/wp-json\/wp\/v2\/types\/page"}],"author":[{"embeddable":true,"href":"https:\/\/staycoolandsail.com\/en\/wp-json\/wp\/v2\/users\/1"}],"replies":[{"embeddable":true,"href":"https:\/\/staycoolandsail.com\/en\/wp-json\/wp\/v2\/comments?post=256"}],"version-history":[{"count":58,"href":"https:\/\/staycoolandsail.com\/en\/wp-json\/wp\/v2\/pages\/256\/revisions"}],"predecessor-version":[{"id":1643,"href":"https:\/\/staycoolandsail.com\/en\/wp-json\/wp\/v2\/pages\/256\/revisions\/1643"}],"wp:featuredmedia":[{"embeddable":true,"href":"https:\/\/staycoolandsail.com\/en\/wp-json\/wp\/v2\/media\/1105"}],"wp:attachment":[{"href":"https:\/\/staycoolandsail.com\/en\/wp-json\/wp\/v2\/media?parent=256"}],"curies":[{"name":"wp","href":"https:\/\/api.w.org\/{rel}","templated":true}]}}