{"id":1617,"date":"2026-02-19T21:38:13","date_gmt":"2026-02-19T21:38:13","guid":{"rendered":"https:\/\/staycoolandsail.com\/?page_id=1617"},"modified":"2026-02-19T21:38:34","modified_gmt":"2026-02-19T21:38:34","slug":"blog","status":"publish","type":"page","link":"https:\/\/staycoolandsail.com\/en\/blog\/","title":{"rendered":"Blog"},"content":{"rendered":"\n[et_pb_section fb_built=\u00a0\u00bb1&Prime; disabled_on=\u00a0\u00bboff|off|off\u00a0\u00bb _builder_version=\u00a0\u00bb4.27.5&Prime; _module_preset=\u00a0\u00bbdefault\u00a0\u00bb background_enable_color=\u00a0\u00bboff\u00a0\u00bb use_background_color_gradient=\u00a0\u00bbon\u00a0\u00bb background_color_gradient_stops=\u00a0\u00bbrgba(0,38,79,0.84) 0%|rgba(0,38,79,0.69) 99%\u00a0\u00bb background_color_gradient_overlays_image=\u00a0\u00bbon\u00a0\u00bb background_image=\u00a0\u00bbhttps:\/\/staycoolandsail.com\/wp-content\/uploads\/2025\/12\/AdobeStock_178380719-scaled.jpeg\u00a0\u00bb locked=\u00a0\u00bboff\u00a0\u00bb global_colors_info=\u00a0\u00bb{}\u00a0\u00bb][et_pb_row _builder_version=\u00a0\u00bb4.27.5&Prime; _module_preset=\u00a0\u00bbdefault\u00a0\u00bb custom_padding=\u00a0\u00bb||0px|||\u00a0\u00bb locked=\u00a0\u00bboff\u00a0\u00bb global_colors_info=\u00a0\u00bb{}\u00a0\u00bb][et_pb_column type=\u00a0\u00bb4_4&Prime; _builder_version=\u00a0\u00bb4.16&Prime; _module_preset=\u00a0\u00bbdefault\u00a0\u00bb z_index=\u00a0\u00bb10&Prime; custom_padding=\u00a0\u00bb||40px||false|false\u00a0\u00bb custom_padding_tablet=\u00a0\u00bb0px||||false|false\u00a0\u00bb custom_padding_last_edited=\u00a0\u00bboff|desktop\u00a0\u00bb global_colors_info=\u00a0\u00bb{}\u00a0\u00bb][et_pb_text _builder_version=\u00a0\u00bb4.27.5&Prime; _module_preset=\u00a0\u00bbd72c0383-6487-4f2c-ac5c-7d48a6376757&Prime; text_text_color=\u00a0\u00bb#FFFFFF\u00a0\u00bb header_font=\u00a0\u00bbPoppins||||||||\u00a0\u00bb header_text_color=\u00a0\u00bb#5DBFBD\u00a0\u00bb header_font_size=\u00a0\u00bb39px\u00a0\u00bb text_orientation=\u00a0\u00bbcenter\u00a0\u00bb animation_direction=\u00a0\u00bbtop\u00a0\u00bb header_font_size_tablet=\u00a0\u00bb5vw\u00a0\u00bb header_font_size_phone=\u00a0\u00bb6vw\u00a0\u00bb header_font_size_last_edited=\u00a0\u00bbon|phone\u00a0\u00bb locked=\u00a0\u00bboff\u00a0\u00bb global_colors_info=\u00a0\u00bb{}\u00a0\u00bb]<h1><strong>Blog <span>Stay Cool &amp; Sail<\/span><\/strong><\/h1>[\/et_pb_text][et_pb_text _builder_version=\u00a0\u00bb4.27.5&Prime; _module_preset=\u00a0\u00bb3a5fa9a7-7987-4564-89a5-37b87a5b6ad8&Prime; text_letter_spacing=\u00a0\u00bb1px\u00a0\u00bb header_font=\u00a0\u00bb||||||||\u00a0\u00bb header_2_font=\u00a0\u00bb|600||on|||||\u00a0\u00bb header_2_text_color=\u00a0\u00bb#FFFFFF\u00a0\u00bb header_2_font_size=\u00a0\u00bb19px\u00a0\u00bb header_2_line_height=\u00a0\u00bb1.3em\u00a0\u00bb header_3_font=\u00a0\u00bbPoppins||||||||\u00a0\u00bb header_3_font_size=\u00a0\u00bb18px\u00a0\u00bb header_3_line_height=\u00a0\u00bb1.6em\u00a0\u00bb text_orientation=\u00a0\u00bbcenter\u00a0\u00bb background_layout=\u00a0\u00bbdark\u00a0\u00bb custom_margin=\u00a0\u00bb||0px||false|false\u00a0\u00bb header_3_font_size_tablet=\u00a0\u00bb20px\u00a0\u00bb header_3_font_size_phone=\u00a0\u00bb16px\u00a0\u00bb header_3_font_size_last_edited=\u00a0\u00bbon|desktop\u00a0\u00bb locked=\u00a0\u00bboff\u00a0\u00bb global_colors_info=\u00a0\u00bb{}\u00a0\u00bb]<h2 style=\"text-align: center;\">Tendances, coups de c\u0153ur<br \/>et conseils exclusifs : tout est ici.<\/h2>[\/et_pb_text][et_pb_text _builder_version=\u00a0\u00bb4.27.5&Prime; _module_preset=\u00a0\u00bb16a54059-cc81-4572-9c70-eda6a6c419bf\u00a0\u00bb text_text_color=\u00a0\u00bb#FFFFFF\u00a0\u00bb text_font_size=\u00a0\u00bb16px\u00a0\u00bb text_line_height=\u00a0\u00bb1.8em\u00a0\u00bb text_orientation=\u00a0\u00bbcenter\u00a0\u00bb text_font_size_tablet=\u00a0\u00bb15px\u00a0\u00bb text_font_size_phone=\u00a0\u00bb15px\u00a0\u00bb text_font_size_last_edited=\u00a0\u00bbon|phone\u00a0\u00bb header_font_size_tablet=\u00a0\u00bb55px\u00a0\u00bb header_font_size_last_edited=\u00a0\u00bboff|desktop\u00a0\u00bb locked=\u00a0\u00bboff\u00a0\u00bb global_colors_info=\u00a0\u00bb{}\u00a0\u00bb]<p data-path-to-node=\"5\">Nous croyons que la connaissance est la cl\u00e9 de la r\u00e9ussite. C&rsquo;est pourquoi nous mettons \u00e0 votre disposition des ressources gratuites et des articles de fond pour r\u00e9pondre \u00e0 vos probl\u00e9matiques les plus fr\u00e9quentes.<\/p>[\/et_pb_text][\/et_pb_column][\/et_pb_row][\/et_pb_section][et_pb_section fb_built=\u00a0\u00bb1&Prime; admin_label=\u00a0\u00bbBlog\u00a0\u00bb _builder_version=\u00a0\u00bb4.27.5&Prime; _module_preset=\u00a0\u00bbdefault\u00a0\u00bb global_colors_info=\u00a0\u00bb{}\u00a0\u00bb][et_pb_row _builder_version=\u00a0\u00bb4.16&Prime; _module_preset=\u00a0\u00bbdefault\u00a0\u00bb global_colors_info=\u00a0\u00bb{}\u00a0\u00bb][et_pb_column type=\u00a0\u00bb4_4&Prime; _builder_version=\u00a0\u00bb4.16&Prime; _module_preset=\u00a0\u00bbdefault\u00a0\u00bb global_colors_info=\u00a0\u00bb{}\u00a0\u00bb][et_pb_blog posts_number=\u00a0\u00bb9&Prime; include_categories=\u00a0\u00bb20,27&Prime; show_author=\u00a0\u00bboff\u00a0\u00bb show_categories=\u00a0\u00bboff\u00a0\u00bb _builder_version=\u00a0\u00bb4.27.5&Prime; _module_preset=\u00a0\u00bb1a95c1d4-0b74-4bcb-8999-498b86674c57&Prime; hover_enabled=\u00a0\u00bb0&Prime; custom_css_read_more=\u00a0\u00bbmargin-top: 10px;||display: block;\u00a0\u00bb global_colors_info=\u00a0\u00bb{%22gcid-880c38f1-a6fc-40a7-920b-f6027d5f269c%22:%91%22meta_text_color%22,%22pagination_text_color%22,%22meta_text_color%22,%22pagination_text_color%22,%22pagination_text_color%22%93}\u00a0\u00bb header_font=\u00a0\u00bbInter|700||on|||||\u00a0\u00bb header_text_color=\u00a0\u00bb#F78800&Prime; meta_text_color=\u00a0\u00bb#00264F\u00a0\u00bb read_more_text_color=\u00a0\u00bb#5DBFBD\u00a0\u00bb show_date=\u00a0\u00bboff\u00a0\u00bb border_width_all=\u00a0\u00bb1px\u00a0\u00bb border_color_all=\u00a0\u00bb#edecea\u00a0\u00bb sticky_enabled=\u00a0\u00bb0&Prime;][\/et_pb_blog][\/et_pb_column][\/et_pb_row][\/et_pb_section]\n","protected":false},"excerpt":{"rendered":"<p>Explorez le Journal de Bord de Stay Cool and Sail : aventures th\u00e9matique en europe, vie \u00e0 bord et partage d&rsquo;exp\u00e9rience avec plaisir et passion<\/p>","protected":false},"author":1,"featured_media":1173,"parent":0,"menu_order":0,"comment_status":"closed","ping_status":"closed","template":"","meta":{"_et_pb_use_builder":"on","_et_pb_old_content":"","_et_gb_content_width":"","footnotes":""},"class_list":["post-1617","page","type-page","status-publish","has-post-thumbnail","hentry"],"yoast_head":"<!-- This site is optimized with the Yoast SEO plugin v27.3 - https:\/\/yoast.com\/product\/yoast-seo-wordpress\/ -->\n<title>Journal de Bord de Stay Cool and Sail - Stay cool &amp; sail<\/title>\n<meta name=\"description\" content=\"Explorez le Journal de Bord de Stay Cool and Sail : aventures th\u00e9matique en europe, vie \u00e0 bord et partage d&#039;exp\u00e9rience avec plaisir et passion\" \/>\n<meta name=\"robots\" content=\"index, follow, max-snippet:-1, max-image-preview:large, max-video-preview:-1\" \/>\n<link rel=\"canonical\" href=\"https:\/\/staycoolandsail.com\/en\/blog\/\" \/>\n<meta property=\"og:locale\" content=\"en_GB\" \/>\n<meta property=\"og:type\" content=\"article\" \/>\n<meta property=\"og:title\" content=\"Journal de Bord de Stay Cool and Sail - Stay cool &amp; sail\" \/>\n<meta property=\"og:description\" content=\"Explorez le Journal de Bord de Stay Cool and Sail : aventures th\u00e9matique en europe, vie \u00e0 bord et partage d&#039;exp\u00e9rience avec plaisir et passion\" \/>\n<meta property=\"og:url\" content=\"https:\/\/staycoolandsail.com\/en\/blog\/\" \/>\n<meta property=\"og:site_name\" content=\"Stay cool &amp; sail\" \/>\n<meta property=\"article:modified_time\" content=\"2026-02-19T21:38:34+00:00\" \/>\n<meta property=\"og:image\" content=\"https:\/\/staycoolandsail.com\/wp-content\/uploads\/2025\/12\/formation-matelos-1.png\" \/>\n\t<meta property=\"og:image:width\" content=\"600\" \/>\n\t<meta property=\"og:image:height\" content=\"750\" \/>\n\t<meta property=\"og:image:type\" content=\"image\/png\" \/>\n<meta name=\"twitter:card\" content=\"summary_large_image\" \/>\n<meta name=\"twitter:label1\" content=\"Estimated reading time\" \/>\n\t<meta name=\"twitter:data1\" content=\"1 minute\" \/>\n<script type=\"application\/ld+json\" class=\"yoast-schema-graph\">{\"@context\":\"https:\\\/\\\/schema.org\",\"@graph\":[{\"@type\":\"WebPage\",\"@id\":\"https:\\\/\\\/staycoolandsail.com\\\/blog\\\/\",\"url\":\"https:\\\/\\\/staycoolandsail.com\\\/blog\\\/\",\"name\":\"Journal de Bord de Stay Cool and Sail - Stay cool &amp; sail\",\"isPartOf\":{\"@id\":\"https:\\\/\\\/staycoolandsail.com\\\/#website\"},\"primaryImageOfPage\":{\"@id\":\"https:\\\/\\\/staycoolandsail.com\\\/blog\\\/#primaryimage\"},\"image\":{\"@id\":\"https:\\\/\\\/staycoolandsail.com\\\/blog\\\/#primaryimage\"},\"thumbnailUrl\":\"https:\\\/\\\/staycoolandsail.com\\\/wp-content\\\/uploads\\\/2025\\\/12\\\/formation-matelos-1.png\",\"datePublished\":\"2026-02-19T21:38:13+00:00\",\"dateModified\":\"2026-02-19T21:38:34+00:00\",\"description\":\"Explorez le Journal de Bord de Stay Cool and Sail : aventures th\u00e9matique en europe, vie \u00e0 bord et partage d'exp\u00e9rience avec plaisir et passion\",\"breadcrumb\":{\"@id\":\"https:\\\/\\\/staycoolandsail.com\\\/blog\\\/#breadcrumb\"},\"inLanguage\":\"en-GB\",\"potentialAction\":[{\"@type\":\"ReadAction\",\"target\":[\"https:\\\/\\\/staycoolandsail.com\\\/blog\\\/\"]}]},{\"@type\":\"ImageObject\",\"inLanguage\":\"en-GB\",\"@id\":\"https:\\\/\\\/staycoolandsail.com\\\/blog\\\/#primaryimage\",\"url\":\"https:\\\/\\\/staycoolandsail.com\\\/wp-content\\\/uploads\\\/2025\\\/12\\\/formation-matelos-1.png\",\"contentUrl\":\"https:\\\/\\\/staycoolandsail.com\\\/wp-content\\\/uploads\\\/2025\\\/12\\\/formation-matelos-1.png\",\"width\":600,\"height\":750},{\"@type\":\"BreadcrumbList\",\"@id\":\"https:\\\/\\\/staycoolandsail.com\\\/blog\\\/#breadcrumb\",\"itemListElement\":[{\"@type\":\"ListItem\",\"position\":1,\"name\":\"Accueil\",\"item\":\"https:\\\/\\\/staycoolandsail.com\\\/\"},{\"@type\":\"ListItem\",\"position\":2,\"name\":\"Blog\"}]},{\"@type\":\"WebSite\",\"@id\":\"https:\\\/\\\/staycoolandsail.com\\\/#website\",\"url\":\"https:\\\/\\\/staycoolandsail.com\\\/\",\"name\":\"Stay cool & sail\",\"description\":\"Formation Voile &amp; Location de Voiliers\",\"publisher\":{\"@id\":\"https:\\\/\\\/staycoolandsail.com\\\/#organization\"},\"alternateName\":\"Stay cool & sail\",\"potentialAction\":[{\"@type\":\"SearchAction\",\"target\":{\"@type\":\"EntryPoint\",\"urlTemplate\":\"https:\\\/\\\/staycoolandsail.com\\\/?s={search_term_string}\"},\"query-input\":{\"@type\":\"PropertyValueSpecification\",\"valueRequired\":true,\"valueName\":\"search_term_string\"}}],\"inLanguage\":\"en-GB\"},{\"@type\":\"Organization\",\"@id\":\"https:\\\/\\\/staycoolandsail.com\\\/#organization\",\"name\":\"Stay cool & sail\",\"alternateName\":\"Stay cool & sail\",\"url\":\"https:\\\/\\\/staycoolandsail.com\\\/\",\"logo\":{\"@type\":\"ImageObject\",\"inLanguage\":\"en-GB\",\"@id\":\"https:\\\/\\\/staycoolandsail.com\\\/#\\\/schema\\\/logo\\\/image\\\/\",\"url\":\"https:\\\/\\\/staycoolandsail.com\\\/wp-content\\\/uploads\\\/2025\\\/12\\\/sigle-rvb.png\",\"contentUrl\":\"https:\\\/\\\/staycoolandsail.com\\\/wp-content\\\/uploads\\\/2025\\\/12\\\/sigle-rvb.png\",\"width\":697,\"height\":678,\"caption\":\"Stay cool & sail\"},\"image\":{\"@id\":\"https:\\\/\\\/staycoolandsail.com\\\/#\\\/schema\\\/logo\\\/image\\\/\"}}]}<\/script>\n<!-- \/ Yoast SEO plugin. -->","yoast_head_json":{"title":"Journal de Bord de Stay Cool and Sail - Stay cool &amp; sail","description":"Explorez le Journal de Bord de Stay Cool and Sail : aventures th\u00e9matique en europe, vie \u00e0 bord et partage d'exp\u00e9rience avec plaisir et passion","robots":{"index":"index","follow":"follow","max-snippet":"max-snippet:-1","max-image-preview":"max-image-preview:large","max-video-preview":"max-video-preview:-1"},"canonical":"https:\/\/staycoolandsail.com\/en\/blog\/","og_locale":"en_GB","og_type":"article","og_title":"Journal de Bord de Stay Cool and Sail - Stay cool &amp; sail","og_description":"Explorez le Journal de Bord de Stay Cool and Sail : aventures th\u00e9matique en europe, vie \u00e0 bord et partage d'exp\u00e9rience avec plaisir et passion","og_url":"https:\/\/staycoolandsail.com\/en\/blog\/","og_site_name":"Stay cool &amp; sail","article_modified_time":"2026-02-19T21:38:34+00:00","og_image":[{"width":600,"height":750,"url":"https:\/\/staycoolandsail.com\/wp-content\/uploads\/2025\/12\/formation-matelos-1.png","type":"image\/png"}],"twitter_card":"summary_large_image","twitter_misc":{"Estimated reading time":"1 minute"},"schema":{"@context":"https:\/\/schema.org","@graph":[{"@type":"WebPage","@id":"https:\/\/staycoolandsail.com\/blog\/","url":"https:\/\/staycoolandsail.com\/blog\/","name":"Journal de Bord de Stay Cool and Sail - Stay cool &amp; sail","isPartOf":{"@id":"https:\/\/staycoolandsail.com\/#website"},"primaryImageOfPage":{"@id":"https:\/\/staycoolandsail.com\/blog\/#primaryimage"},"image":{"@id":"https:\/\/staycoolandsail.com\/blog\/#primaryimage"},"thumbnailUrl":"https:\/\/staycoolandsail.com\/wp-content\/uploads\/2025\/12\/formation-matelos-1.png","datePublished":"2026-02-19T21:38:13+00:00","dateModified":"2026-02-19T21:38:34+00:00","description":"Explorez le Journal de Bord de Stay Cool and Sail : aventures th\u00e9matique en europe, vie \u00e0 bord et partage d'exp\u00e9rience avec plaisir et passion","breadcrumb":{"@id":"https:\/\/staycoolandsail.com\/blog\/#breadcrumb"},"inLanguage":"en-GB","potentialAction":[{"@type":"ReadAction","target":["https:\/\/staycoolandsail.com\/blog\/"]}]},{"@type":"ImageObject","inLanguage":"en-GB","@id":"https:\/\/staycoolandsail.com\/blog\/#primaryimage","url":"https:\/\/staycoolandsail.com\/wp-content\/uploads\/2025\/12\/formation-matelos-1.png","contentUrl":"https:\/\/staycoolandsail.com\/wp-content\/uploads\/2025\/12\/formation-matelos-1.png","width":600,"height":750},{"@type":"BreadcrumbList","@id":"https:\/\/staycoolandsail.com\/blog\/#breadcrumb","itemListElement":[{"@type":"ListItem","position":1,"name":"Accueil","item":"https:\/\/staycoolandsail.com\/"},{"@type":"ListItem","position":2,"name":"Blog"}]},{"@type":"WebSite","@id":"https:\/\/staycoolandsail.com\/#website","url":"https:\/\/staycoolandsail.com\/","name":"Stay cool & sail","description":"Formation Voile &amp; Location de Voiliers","publisher":{"@id":"https:\/\/staycoolandsail.com\/#organization"},"alternateName":"Stay cool & sail","potentialAction":[{"@type":"SearchAction","target":{"@type":"EntryPoint","urlTemplate":"https:\/\/staycoolandsail.com\/?s={search_term_string}"},"query-input":{"@type":"PropertyValueSpecification","valueRequired":true,"valueName":"search_term_string"}}],"inLanguage":"en-GB"},{"@type":"Organization","@id":"https:\/\/staycoolandsail.com\/#organization","name":"Stay cool & sail","alternateName":"Stay cool & sail","url":"https:\/\/staycoolandsail.com\/","logo":{"@type":"ImageObject","inLanguage":"en-GB","@id":"https:\/\/staycoolandsail.com\/#\/schema\/logo\/image\/","url":"https:\/\/staycoolandsail.com\/wp-content\/uploads\/2025\/12\/sigle-rvb.png","contentUrl":"https:\/\/staycoolandsail.com\/wp-content\/uploads\/2025\/12\/sigle-rvb.png","width":697,"height":678,"caption":"Stay cool & sail"},"image":{"@id":"https:\/\/staycoolandsail.com\/#\/schema\/logo\/image\/"}}]}},"_links":{"self":[{"href":"https:\/\/staycoolandsail.com\/en\/wp-json\/wp\/v2\/pages\/1617","targetHints":{"allow":["GET"]}}],"collection":[{"href":"https:\/\/staycoolandsail.com\/en\/wp-json\/wp\/v2\/pages"}],"about":[{"href":"https:\/\/staycoolandsail.com\/en\/wp-json\/wp\/v2\/types\/page"}],"author":[{"embeddable":true,"href":"https:\/\/staycoolandsail.com\/en\/wp-json\/wp\/v2\/users\/1"}],"replies":[{"embeddable":true,"href":"https:\/\/staycoolandsail.com\/en\/wp-json\/wp\/v2\/comments?post=1617"}],"version-history":[{"count":12,"href":"https:\/\/staycoolandsail.com\/en\/wp-json\/wp\/v2\/pages\/1617\/revisions"}],"predecessor-version":[{"id":1718,"href":"https:\/\/staycoolandsail.com\/en\/wp-json\/wp\/v2\/pages\/1617\/revisions\/1718"}],"wp:featuredmedia":[{"embeddable":true,"href":"https:\/\/staycoolandsail.com\/en\/wp-json\/wp\/v2\/media\/1173"}],"wp:attachment":[{"href":"https:\/\/staycoolandsail.com\/en\/wp-json\/wp\/v2\/media?parent=1617"}],"curies":[{"name":"wp","href":"https:\/\/api.w.org\/{rel}","templated":true}]}}