{"id":1197,"date":"2025-12-18T12:40:11","date_gmt":"2025-12-18T12:40:11","guid":{"rendered":"https:\/\/staycoolandsail.com\/?page_id=1197"},"modified":"2026-04-03T12:14:26","modified_gmt":"2026-04-03T12:14:26","slug":"mentions-legales","status":"publish","type":"page","link":"https:\/\/staycoolandsail.com\/en\/mentions-legales\/","title":{"rendered":"Mentions l\u00e9gales"},"content":{"rendered":"<p>[et_pb_section fb_built=\u00a0\u00bb1&Prime; _builder_version=\u00a0\u00bb4.27.6&Prime; _module_preset=\u00a0\u00bbdefault\u00a0\u00bb global_colors_info=\u00a0\u00bb{}\u00a0\u00bb][et_pb_row _builder_version=\u00a0\u00bb4.27.6&Prime; _module_preset=\u00a0\u00bbdefault\u00a0\u00bb global_colors_info=\u00a0\u00bb{}\u00a0\u00bb][et_pb_column type=\u00a0\u00bb4_4&Prime; _builder_version=\u00a0\u00bb4.27.6&Prime; _module_preset=\u00a0\u00bbdefault\u00a0\u00bb global_colors_info=\u00a0\u00bb{}\u00a0\u00bb][et_pb_text _builder_version=\u00a0\u00bb4.27.6&Prime; _module_preset=\u00a0\u00bbdefault\u00a0\u00bb hover_enabled=\u00a0\u00bb0&Prime; global_colors_info=\u00a0\u00bb{}\u00a0\u00bb header_font=\u00a0\u00bb|700||on|||||\u00a0\u00bb header_text_color=\u00a0\u00bb#F78800&Prime; sticky_enabled=\u00a0\u00bb0&Prime;]<\/p>\n<h1 data-path-to-node=\"4\">Mentions l\u00e9gales<\/h1>\n<h3 data-path-to-node=\"4\"><\/h3>\n<h3 data-path-to-node=\"4\">1. Pr\u00e9sentation du site<\/h3>\n<p data-path-to-node=\"5\">En vertu de l&rsquo;article 6 de la loi n\u00b0 2004-575 du 21 juin 2004 (LCEN) et des dispositions de la Loi F\u00e9d\u00e9rale sur la Protection des Donn\u00e9es (LPD) en Suisse, il est pr\u00e9cis\u00e9 aux utilisateurs du site <response-element class=\"\" ng-version=\"0.0.0-PLACEHOLDER\"> <link-block _nghost-ng-c451451984=\"\" class=\"ng-star-inserted\"><a _ngcontent-ng-c451451984=\"\" target=\"_blank\" rel=\"noopener\" externallink=\"\" _nghost-ng-c3836175199=\"\" jslog=\"197247;track:generic_click,impression,attention;BardVeMetadataKey:[[&quot;r_8e61cd94adcc4f99&quot;,&quot;c_260a8b20df50288f&quot;,null,&quot;rc_136e6c9375d43b38&quot;,null,null,&quot;fr&quot;,null,1,null,null,1,0]]\" href=\"https:\/\/staycoolandsail.com\" class=\"ng-star-inserted\" data-hveid=\"0\" decode-data-ved=\"1\" data-ved=\"0CAAQ_4QMahcKEwjgieTw0NGTAxUAAAAAHQAAAAAQTQ\">https:\/\/staycoolandsail.com<\/a><\/link-block><\/response-element> l&rsquo;identit\u00e9 des intervenants :<\/p>\n<ul data-path-to-node=\"6\">\n<li>\n<p data-path-to-node=\"6,0,0\"><b data-path-to-node=\"6,0,0\" data-index-in-node=\"0\">Propri\u00e9taire<\/b> : Fran\u00e7ois Enzler \u2013 Stay Cool and Sail<\/p>\n<\/li>\n<li>\n<p data-path-to-node=\"6,1,0\"><b data-path-to-node=\"6,1,0\" data-index-in-node=\"0\">Adresse<\/b> : 2 ch. de la Biolatte, CH-1260 Nyon, Suisse<\/p>\n<\/li>\n<li>\n<p data-path-to-node=\"6,2,0\"><b data-path-to-node=\"6,2,0\" data-index-in-node=\"0\">Contact<\/b> : francois@staycoolandsail.com | +41 76 483 24 48<\/p>\n<\/li>\n<li>\n<p data-path-to-node=\"6,3,0\"><b data-path-to-node=\"6,3,0\" data-index-in-node=\"0\">Responsable de la publication<\/b> : Fran\u00e7ois Enzler<\/p>\n<\/li>\n<li>\n<p data-path-to-node=\"6,4,0\"><b data-path-to-node=\"6,4,0\" data-index-in-node=\"0\">H\u00e9bergement<\/b> : <span>\u00a0Infomaniak Network SA \u2013 Rue Eug\u00e8ne-Marziano 25, 1227 Gen\u00e8ve, Suisse \u2013 +41 22 820 35 44.<\/span><\/p>\n<\/li>\n<\/ul>\n<h3 data-path-to-node=\"7\">2. Conditions g\u00e9n\u00e9rales d\u2019utilisation (CGU)<\/h3>\n<p data-path-to-node=\"8\">L\u2019utilisation du site <response-element class=\"\" ng-version=\"0.0.0-PLACEHOLDER\"> <link-block _nghost-ng-c451451984=\"\" class=\"ng-star-inserted\"><a _ngcontent-ng-c451451984=\"\" target=\"_blank\" rel=\"noopener\" externallink=\"\" _nghost-ng-c3836175199=\"\" jslog=\"197247;track:generic_click,impression,attention;BardVeMetadataKey:[[&quot;r_8e61cd94adcc4f99&quot;,&quot;c_260a8b20df50288f&quot;,null,&quot;rc_136e6c9375d43b38&quot;,null,null,&quot;fr&quot;,null,1,null,null,1,0]]\" href=\"https:\/\/staycoolandsail.com\" class=\"ng-star-inserted\" data-hveid=\"0\" decode-data-ved=\"1\" data-ved=\"0CAAQ_4QMahcKEwjgieTw0NGTAxUAAAAAHQAAAAAQTg\">https:\/\/staycoolandsail.com<\/a><\/link-block><\/response-element> implique l\u2019acceptation pleine et enti\u00e8re des conditions g\u00e9n\u00e9rales d\u2019utilisation d\u00e9crites ci-apr\u00e8s. Ces conditions sont susceptibles d\u2019\u00eatre modifi\u00e9es \u00e0 tout moment.<\/p>\n<h3 data-path-to-node=\"9\">3. Services fournis<\/h3>\n<p data-path-to-node=\"10\">Le site a pour but de fournir des informations concernant les activit\u00e9s de <b data-path-to-node=\"10\" data-index-in-node=\"75\">Stay Cool and Sail<\/b> (croisi\u00e8res, formations voile, skippage). Fran\u00e7ois Enzler s\u2019efforce de fournir des informations aussi pr\u00e9cises que possible, mais ne pourra \u00eatre tenu responsable des omissions ou inexactitudes dans la mise \u00e0 jour des informations, qu\u2019elles soient de son fait ou du fait des tiers partenaires.<\/p>\n<h3 data-path-to-node=\"11\">4. Propri\u00e9t\u00e9 intellectuelle<\/h3>\n<p data-path-to-node=\"12\">Fran\u00e7ois Enzler est titulaire des droits de propri\u00e9t\u00e9 intellectuelle sur tous les \u00e9l\u00e9ments accessibles sur le site (textes, logos, images, graphismes, ic\u00f4nes). Toute reproduction, repr\u00e9sentation, modification ou adaptation de tout ou partie des \u00e9l\u00e9ments du site, quel que soit le moyen ou le proc\u00e9d\u00e9 utilis\u00e9, est interdite sans autorisation \u00e9crite pr\u00e9alable.<\/p>\n<h3 data-path-to-node=\"13\">5. Limitation de responsabilit\u00e9<\/h3>\n<p data-path-to-node=\"14\">Stay Cool and Sail ne pourra \u00eatre tenu responsable des dommages directs ou indirects caus\u00e9s au mat\u00e9riel de l\u2019utilisateur lors de l\u2019acc\u00e8s au site, ou r\u00e9sultant de l\u2019apparition d\u2019un bug ou d\u2019une incompatibilit\u00e9.<\/p>\n<h3 data-path-to-node=\"15\">6. Protection et gestion des donn\u00e9es personnelles<\/h3>\n<p data-path-to-node=\"16\">Conform\u00e9ment \u00e0 la <b data-path-to-node=\"16\" data-index-in-node=\"18\">Loi F\u00e9d\u00e9rale sur la Protection des Donn\u00e9es (LPD)<\/b> et, dans la mesure du possible, au RGPD :<\/p>\n<ul data-path-to-node=\"17\">\n<li>\n<p data-path-to-node=\"17,0,0\">Les donn\u00e9es collect\u00e9es (nom, email via le formulaire de contact) ne sont utilis\u00e9es que pour le traitement de vos demandes de r\u00e9servation ou d&rsquo;information.<\/p>\n<\/li>\n<li>\n<p data-path-to-node=\"17,1,0\">Aucune information personnelle n&rsquo;est publi\u00e9e, \u00e9chang\u00e9e, transf\u00e9r\u00e9e ou vendue \u00e0 des tiers.<\/p>\n<\/li>\n<li>\n<p data-path-to-node=\"17,2,0\">L&rsquo;utilisateur dispose d&rsquo;un droit d&rsquo;acc\u00e8s, de rectification et d&rsquo;opposition aux donn\u00e9es le concernant en envoyant un email \u00e0 : <b data-path-to-node=\"17,2,0\" data-index-in-node=\"126\">francois@staycoolandsail.com<\/b>.<\/p>\n<\/li>\n<\/ul>\n<h3 data-path-to-node=\"18\">7. Cookies et Liens Hypertextes<\/h3>\n<p data-path-to-node=\"19\">Le site <response-element class=\"\" ng-version=\"0.0.0-PLACEHOLDER\"> <link-block _nghost-ng-c451451984=\"\" class=\"ng-star-inserted\"><a _ngcontent-ng-c451451984=\"\" target=\"_blank\" rel=\"noopener\" externallink=\"\" _nghost-ng-c3836175199=\"\" jslog=\"197247;track:generic_click,impression,attention;BardVeMetadataKey:[[&quot;r_8e61cd94adcc4f99&quot;,&quot;c_260a8b20df50288f&quot;,null,&quot;rc_136e6c9375d43b38&quot;,null,null,&quot;fr&quot;,null,1,null,null,1,0]]\" href=\"https:\/\/staycoolandsail.com\" class=\"ng-star-inserted\" data-hveid=\"0\" decode-data-ved=\"1\" data-ved=\"0CAAQ_4QMahcKEwjgieTw0NGTAxUAAAAAHQAAAAAQTw\">https:\/\/staycoolandsail.com<\/a><\/link-block><\/response-element> contient des liens vers d&rsquo;autres sites. Fran\u00e7ois Enzler n&rsquo;exerce aucun contr\u00f4le sur ces sites et d\u00e9cline toute responsabilit\u00e9 quant \u00e0 leur contenu. La navigation sur le site peut provoquer l\u2019installation de cookies sur l\u2019ordinateur de l\u2019utilisateur pour am\u00e9liorer l&rsquo;exp\u00e9rience de navigation et \u00e9tablir des statistiques de fr\u00e9quentation. L&rsquo;utilisateur peut configurer son navigateur pour refuser les cookies.<\/p>\n<h3 data-path-to-node=\"20\">8. Droit applicable et for juridique<\/h3>\n<p data-path-to-node=\"21\">Tout litige en relation avec l\u2019utilisation du site <response-element class=\"\" ng-version=\"0.0.0-PLACEHOLDER\"> <link-block _nghost-ng-c451451984=\"\" class=\"ng-star-inserted\"><a _ngcontent-ng-c451451984=\"\" target=\"_blank\" rel=\"noopener\" externallink=\"\" _nghost-ng-c3836175199=\"\" jslog=\"197247;track:generic_click,impression,attention;BardVeMetadataKey:[[&quot;r_8e61cd94adcc4f99&quot;,&quot;c_260a8b20df50288f&quot;,null,&quot;rc_136e6c9375d43b38&quot;,null,null,&quot;fr&quot;,null,1,null,null,1,0]]\" href=\"https:\/\/staycoolandsail.com\" class=\"ng-star-inserted\" data-hveid=\"0\" decode-data-ved=\"1\" data-ved=\"0CAAQ_4QMahcKEwjgieTw0NGTAxUAAAAAHQAAAAAQUA\">https:\/\/staycoolandsail.com<\/a><\/link-block><\/response-element> est soumis au <b data-path-to-node=\"21\" data-index-in-node=\"93\">droit suisse<\/b>. Le for juridique exclusif est situ\u00e9 \u00e0 <b data-path-to-node=\"21\" data-index-in-node=\"145\">Nyon, Suisse<\/b>.<\/p>\n<p>[\/et_pb_text][\/et_pb_column][\/et_pb_row][\/et_pb_section]<\/p>\n","protected":false},"excerpt":{"rendered":"<p>Mentions l\u00e9gales 1. Pr\u00e9sentation du site En vertu de l&rsquo;article 6 de la loi n\u00b0 2004-575 du 21 juin 2004 (LCEN) et des dispositions de la Loi F\u00e9d\u00e9rale sur la Protection des Donn\u00e9es (LPD) en Suisse, il est pr\u00e9cis\u00e9 aux utilisateurs du site https:\/\/staycoolandsail.com l&rsquo;identit\u00e9 des intervenants : Propri\u00e9taire : Fran\u00e7ois Enzler \u2013 Stay Cool [&hellip;]<\/p>\n","protected":false},"author":1,"featured_media":0,"parent":0,"menu_order":0,"comment_status":"closed","ping_status":"closed","template":"","meta":{"_et_pb_use_builder":"on","_et_pb_old_content":"","_et_gb_content_width":"","footnotes":""},"class_list":["post-1197","page","type-page","status-publish","hentry"],"yoast_head":"<!-- This site is optimized with the Yoast SEO plugin v27.4 - https:\/\/yoast.com\/product\/yoast-seo-wordpress\/ -->\n<title>Mentions l\u00e9gales - Stay cool &amp; sail<\/title>\n<meta name=\"robots\" content=\"index, follow, max-snippet:-1, max-image-preview:large, max-video-preview:-1\" \/>\n<link rel=\"canonical\" href=\"https:\/\/staycoolandsail.com\/en\/mentions-legales\/\" \/>\n<meta property=\"og:locale\" content=\"en_GB\" \/>\n<meta property=\"og:type\" content=\"article\" \/>\n<meta property=\"og:title\" content=\"Mentions l\u00e9gales - Stay cool &amp; sail\" \/>\n<meta property=\"og:description\" content=\"Mentions l\u00e9gales 1. Pr\u00e9sentation du site En vertu de l&#039;article 6 de la loi n\u00b0 2004-575 du 21 juin 2004 (LCEN) et des dispositions de la Loi F\u00e9d\u00e9rale sur la Protection des Donn\u00e9es (LPD) en Suisse, il est pr\u00e9cis\u00e9 aux utilisateurs du site https:\/\/staycoolandsail.com l&#039;identit\u00e9 des intervenants : Propri\u00e9taire : Fran\u00e7ois Enzler \u2013 Stay Cool [&hellip;]\" \/>\n<meta property=\"og:url\" content=\"https:\/\/staycoolandsail.com\/en\/mentions-legales\/\" \/>\n<meta property=\"og:site_name\" content=\"Stay cool &amp; sail\" \/>\n<meta property=\"article:modified_time\" content=\"2026-04-03T12:14:26+00:00\" \/>\n<meta property=\"og:image\" content=\"https:\/\/staycoolandsail.com\/wp-content\/uploads\/2025\/12\/sigle-rvb.png\" \/>\n\t<meta property=\"og:image:width\" content=\"697\" \/>\n\t<meta property=\"og:image:height\" content=\"678\" \/>\n\t<meta property=\"og:image:type\" content=\"image\/png\" \/>\n<meta name=\"twitter:card\" content=\"summary_large_image\" \/>\n<script type=\"application\/ld+json\" class=\"yoast-schema-graph\">{\"@context\":\"https:\\\/\\\/schema.org\",\"@graph\":[{\"@type\":\"WebPage\",\"@id\":\"https:\\\/\\\/staycoolandsail.com\\\/mentions-legales\\\/\",\"url\":\"https:\\\/\\\/staycoolandsail.com\\\/mentions-legales\\\/\",\"name\":\"Mentions l\u00e9gales - Stay cool &amp; sail\",\"isPartOf\":{\"@id\":\"https:\\\/\\\/staycoolandsail.com\\\/#website\"},\"datePublished\":\"2025-12-18T12:40:11+00:00\",\"dateModified\":\"2026-04-03T12:14:26+00:00\",\"breadcrumb\":{\"@id\":\"https:\\\/\\\/staycoolandsail.com\\\/mentions-legales\\\/#breadcrumb\"},\"inLanguage\":\"en-GB\",\"potentialAction\":[{\"@type\":\"ReadAction\",\"target\":[\"https:\\\/\\\/staycoolandsail.com\\\/mentions-legales\\\/\"]}]},{\"@type\":\"BreadcrumbList\",\"@id\":\"https:\\\/\\\/staycoolandsail.com\\\/mentions-legales\\\/#breadcrumb\",\"itemListElement\":[{\"@type\":\"ListItem\",\"position\":1,\"name\":\"Accueil\",\"item\":\"https:\\\/\\\/staycoolandsail.com\\\/\"},{\"@type\":\"ListItem\",\"position\":2,\"name\":\"Mentions l\u00e9gales\"}]},{\"@type\":\"WebSite\",\"@id\":\"https:\\\/\\\/staycoolandsail.com\\\/#website\",\"url\":\"https:\\\/\\\/staycoolandsail.com\\\/\",\"name\":\"Stay cool & sail\",\"description\":\"Formation Voile &amp; Location de Voiliers\",\"publisher\":{\"@id\":\"https:\\\/\\\/staycoolandsail.com\\\/#organization\"},\"alternateName\":\"Stay cool & sail\",\"potentialAction\":[{\"@type\":\"SearchAction\",\"target\":{\"@type\":\"EntryPoint\",\"urlTemplate\":\"https:\\\/\\\/staycoolandsail.com\\\/?s={search_term_string}\"},\"query-input\":{\"@type\":\"PropertyValueSpecification\",\"valueRequired\":true,\"valueName\":\"search_term_string\"}}],\"inLanguage\":\"en-GB\"},{\"@type\":\"Organization\",\"@id\":\"https:\\\/\\\/staycoolandsail.com\\\/#organization\",\"name\":\"Stay cool & sail\",\"alternateName\":\"Stay cool & sail\",\"url\":\"https:\\\/\\\/staycoolandsail.com\\\/\",\"logo\":{\"@type\":\"ImageObject\",\"inLanguage\":\"en-GB\",\"@id\":\"https:\\\/\\\/staycoolandsail.com\\\/#\\\/schema\\\/logo\\\/image\\\/\",\"url\":\"https:\\\/\\\/staycoolandsail.com\\\/wp-content\\\/uploads\\\/2025\\\/12\\\/sigle-rvb.png\",\"contentUrl\":\"https:\\\/\\\/staycoolandsail.com\\\/wp-content\\\/uploads\\\/2025\\\/12\\\/sigle-rvb.png\",\"width\":697,\"height\":678,\"caption\":\"Stay cool & sail\"},\"image\":{\"@id\":\"https:\\\/\\\/staycoolandsail.com\\\/#\\\/schema\\\/logo\\\/image\\\/\"}}]}<\/script>\n<!-- \/ Yoast SEO plugin. -->","yoast_head_json":{"title":"Mentions l\u00e9gales - Stay cool &amp; sail","robots":{"index":"index","follow":"follow","max-snippet":"max-snippet:-1","max-image-preview":"max-image-preview:large","max-video-preview":"max-video-preview:-1"},"canonical":"https:\/\/staycoolandsail.com\/en\/mentions-legales\/","og_locale":"en_GB","og_type":"article","og_title":"Mentions l\u00e9gales - Stay cool &amp; sail","og_description":"Mentions l\u00e9gales 1. Pr\u00e9sentation du site En vertu de l'article 6 de la loi n\u00b0 2004-575 du 21 juin 2004 (LCEN) et des dispositions de la Loi F\u00e9d\u00e9rale sur la Protection des Donn\u00e9es (LPD) en Suisse, il est pr\u00e9cis\u00e9 aux utilisateurs du site https:\/\/staycoolandsail.com l'identit\u00e9 des intervenants : Propri\u00e9taire : Fran\u00e7ois Enzler \u2013 Stay Cool [&hellip;]","og_url":"https:\/\/staycoolandsail.com\/en\/mentions-legales\/","og_site_name":"Stay cool &amp; sail","article_modified_time":"2026-04-03T12:14:26+00:00","og_image":[{"width":697,"height":678,"url":"https:\/\/staycoolandsail.com\/wp-content\/uploads\/2025\/12\/sigle-rvb.png","type":"image\/png"}],"twitter_card":"summary_large_image","schema":{"@context":"https:\/\/schema.org","@graph":[{"@type":"WebPage","@id":"https:\/\/staycoolandsail.com\/mentions-legales\/","url":"https:\/\/staycoolandsail.com\/mentions-legales\/","name":"Mentions l\u00e9gales - Stay cool &amp; sail","isPartOf":{"@id":"https:\/\/staycoolandsail.com\/#website"},"datePublished":"2025-12-18T12:40:11+00:00","dateModified":"2026-04-03T12:14:26+00:00","breadcrumb":{"@id":"https:\/\/staycoolandsail.com\/mentions-legales\/#breadcrumb"},"inLanguage":"en-GB","potentialAction":[{"@type":"ReadAction","target":["https:\/\/staycoolandsail.com\/mentions-legales\/"]}]},{"@type":"BreadcrumbList","@id":"https:\/\/staycoolandsail.com\/mentions-legales\/#breadcrumb","itemListElement":[{"@type":"ListItem","position":1,"name":"Accueil","item":"https:\/\/staycoolandsail.com\/"},{"@type":"ListItem","position":2,"name":"Mentions l\u00e9gales"}]},{"@type":"WebSite","@id":"https:\/\/staycoolandsail.com\/#website","url":"https:\/\/staycoolandsail.com\/","name":"Stay cool & sail","description":"Formation Voile &amp; Location de Voiliers","publisher":{"@id":"https:\/\/staycoolandsail.com\/#organization"},"alternateName":"Stay cool & sail","potentialAction":[{"@type":"SearchAction","target":{"@type":"EntryPoint","urlTemplate":"https:\/\/staycoolandsail.com\/?s={search_term_string}"},"query-input":{"@type":"PropertyValueSpecification","valueRequired":true,"valueName":"search_term_string"}}],"inLanguage":"en-GB"},{"@type":"Organization","@id":"https:\/\/staycoolandsail.com\/#organization","name":"Stay cool & sail","alternateName":"Stay cool & sail","url":"https:\/\/staycoolandsail.com\/","logo":{"@type":"ImageObject","inLanguage":"en-GB","@id":"https:\/\/staycoolandsail.com\/#\/schema\/logo\/image\/","url":"https:\/\/staycoolandsail.com\/wp-content\/uploads\/2025\/12\/sigle-rvb.png","contentUrl":"https:\/\/staycoolandsail.com\/wp-content\/uploads\/2025\/12\/sigle-rvb.png","width":697,"height":678,"caption":"Stay cool & sail"},"image":{"@id":"https:\/\/staycoolandsail.com\/#\/schema\/logo\/image\/"}}]}},"_links":{"self":[{"href":"https:\/\/staycoolandsail.com\/en\/wp-json\/wp\/v2\/pages\/1197","targetHints":{"allow":["GET"]}}],"collection":[{"href":"https:\/\/staycoolandsail.com\/en\/wp-json\/wp\/v2\/pages"}],"about":[{"href":"https:\/\/staycoolandsail.com\/en\/wp-json\/wp\/v2\/types\/page"}],"author":[{"embeddable":true,"href":"https:\/\/staycoolandsail.com\/en\/wp-json\/wp\/v2\/users\/1"}],"replies":[{"embeddable":true,"href":"https:\/\/staycoolandsail.com\/en\/wp-json\/wp\/v2\/comments?post=1197"}],"version-history":[{"count":4,"href":"https:\/\/staycoolandsail.com\/en\/wp-json\/wp\/v2\/pages\/1197\/revisions"}],"predecessor-version":[{"id":1821,"href":"https:\/\/staycoolandsail.com\/en\/wp-json\/wp\/v2\/pages\/1197\/revisions\/1821"}],"wp:attachment":[{"href":"https:\/\/staycoolandsail.com\/en\/wp-json\/wp\/v2\/media?parent=1197"}],"curies":[{"name":"wp","href":"https:\/\/api.w.org\/{rel}","templated":true}]}}