{"id":1193,"date":"2025-12-18T12:39:21","date_gmt":"2025-12-18T12:39:21","guid":{"rendered":"https:\/\/staycoolandsail.com\/?page_id=1193"},"modified":"2026-04-03T12:13:57","modified_gmt":"2026-04-03T12:13:57","slug":"politique-de-confidentialite","status":"publish","type":"page","link":"https:\/\/staycoolandsail.com\/en\/politique-de-confidentialite\/","title":{"rendered":"Politique de confidentialit\u00e9"},"content":{"rendered":"[et_pb_section fb_built=\u00a0\u00bb1&Prime; admin_label=\u00a0\u00bbsection\u00a0\u00bb _builder_version=\u00a0\u00bb4.16&Prime; global_colors_info=\u00a0\u00bb{}\u00a0\u00bb][et_pb_row admin_label=\u00a0\u00bbrow\u00a0\u00bb _builder_version=\u00a0\u00bb4.16&Prime; background_size=\u00a0\u00bbinitial\u00a0\u00bb background_position=\u00a0\u00bbtop_left\u00a0\u00bb background_repeat=\u00a0\u00bbrepeat\u00a0\u00bb global_colors_info=\u00a0\u00bb{}\u00a0\u00bb][et_pb_column type=\u00a0\u00bb4_4&Prime; _builder_version=\u00a0\u00bb4.16&Prime; custom_padding=\u00a0\u00bb|||\u00a0\u00bb global_colors_info=\u00a0\u00bb{}\u00a0\u00bb custom_padding__hover=\u00a0\u00bb|||\u00a0\u00bb][et_pb_text admin_label=\u00a0\u00bbText\u00a0\u00bb _builder_version=\u00a0\u00bb4.27.6&Prime; background_size=\u00a0\u00bbinitial\u00a0\u00bb background_position=\u00a0\u00bbtop_left\u00a0\u00bb background_repeat=\u00a0\u00bbrepeat\u00a0\u00bb hover_enabled=\u00a0\u00bb0&Prime; global_colors_info=\u00a0\u00bb{}\u00a0\u00bb header_font=\u00a0\u00bb|||on|||||\u00a0\u00bb header_text_color=\u00a0\u00bb#F78800&Prime; sticky_enabled=\u00a0\u00bb0&Prime;]<p><\/p>\n<h1 class=\"wp-block-heading\" data-path-to-node=\"9,0\"><b data-path-to-node=\"9,0\" data-index-in-node=\"0\">Politique de confidentialit\u00e9<\/b><\/h1>\n<p><b data-path-to-node=\"9,0\" data-index-in-node=\"0\"><\/b><\/p>\n<h2 data-path-to-node=\"9,0\"><b data-path-to-node=\"9,0\" data-index-in-node=\"0\">1. Responsable du traitement<\/b><\/h2>\n<p data-path-to-node=\"9,0\">Le responsable du traitement des donn\u00e9es pour ce site est : Fran\u00e7ois Enzler, 2 ch. de la Biolatte, CH-1260 Nyon, Suisse. Email : francois@staycoolandsail.com.<\/p>\n<h2 data-path-to-node=\"9,1\"><b data-path-to-node=\"9,1\" data-index-in-node=\"0\">2. Collecte et finalit\u00e9s des donn\u00e9es<\/b><\/h2>\n<p data-path-to-node=\"9,1\">Nous collectons les donn\u00e9es que vous nous transmettez via nos formulaires de contact ou de r\u00e9servation (nom, email, t\u00e9l\u00e9phone, exp\u00e9rience nautique). Ces donn\u00e9es sont utilis\u00e9es uniquement pour :<\/p>\n<ul data-path-to-node=\"9,2\">\n<li>\n<p data-path-to-node=\"9,2,0,0\">R\u00e9pondre \u00e0 vos demandes d&rsquo;information.<\/p>\n<\/li>\n<li>\n<p data-path-to-node=\"9,2,1,0\">G\u00e9rer vos r\u00e9servations de croisi\u00e8res ou de formations.<\/p>\n<\/li>\n<li>\n<p data-path-to-node=\"9,2,2,0\">Respecter nos obligations l\u00e9gales (contrats, assurances).<\/p>\n<\/li>\n<\/ul>\n<h2 data-path-to-node=\"9,3\"><b data-path-to-node=\"9,3\" data-index-in-node=\"0\">3. Transfert de donn\u00e9es \u00e0 l&rsquo;\u00e9tranger<\/b><\/h2>\n<p data-path-to-node=\"9,3\">Nous privil\u00e9gions le stockage en Suisse. Toutefois, pour certains services techniques (h\u00e9bergement, outils Google), vos donn\u00e9es peuvent \u00eatre trait\u00e9es dans des pays disposant d&rsquo;un niveau de protection ad\u00e9quat (UE\/EEE). Nous utilisons infomaiak est nos serveurs sont situ\u00e9s en Suisse.<\/p>\n<h2 data-path-to-node=\"9,4\"><b data-path-to-node=\"9,4\" data-index-in-node=\"0\">4. Vos droits<\/b><\/h2>\n<p data-path-to-node=\"9,4\">Conform\u00e9ment \u00e0 la LPD, vous disposez d&rsquo;un droit d&rsquo;acc\u00e8s, de rectification, de portabilit\u00e9 et de suppression de vos donn\u00e9es. Vous pouvez exercer ces droits \u00e0 tout moment en nous contactant \u00e0 l&rsquo;adresse mentionn\u00e9e au point 1.<\/p>\n<h2 data-path-to-node=\"9,5\"><b data-path-to-node=\"9,5\" data-index-in-node=\"0\">5. Cookies et analyse<\/b><\/h2>\n<p data-path-to-node=\"9,5\">Nous utilisons des cookies pour am\u00e9liorer l&rsquo;exp\u00e9rience utilisateur. Vous pouvez g\u00e9rer vos pr\u00e9f\u00e9rences via la banni\u00e8re de consentement pr\u00e9sente sur le site.<\/p>\n<p><\/p>[\/et_pb_text][\/et_pb_column][\/et_pb_row][\/et_pb_section]","protected":false},"excerpt":{"rendered":"<p>Politique de confidentialit\u00e9 1. Responsable du traitement Le responsable du traitement des donn\u00e9es pour ce site est : Fran\u00e7ois Enzler, 2 ch. de la Biolatte, CH-1260 Nyon, Suisse. Email : francois@staycoolandsail.com. 2. Collecte et finalit\u00e9s des donn\u00e9es Nous collectons les donn\u00e9es que vous nous transmettez via nos formulaires de contact ou de r\u00e9servation (nom, email, [&hellip;]<\/p>\n","protected":false},"author":1,"featured_media":0,"parent":0,"menu_order":0,"comment_status":"closed","ping_status":"closed","template":"","meta":{"_et_pb_use_builder":"on","_et_pb_old_content":"<!-- wp:heading -->\n<h2 class=\"wp-block-heading\">Qui sommes-nous&nbsp;?<\/h2>\n<!-- \/wp:heading -->\n\n<!-- wp:paragraph -->\n<p>L\u2019adresse de notre site est\u00a0: https:\/\/staycoolandsail.com.<\/p>\n<!-- \/wp:paragraph -->\n\n<!-- wp:heading -->\n<h2 class=\"wp-block-heading\">Commentaires<\/h2>\n<!-- \/wp:heading -->\n\n<!-- wp:paragraph -->\n<p>Quand vous laissez un commentaire sur notre site, les donn\u00e9es inscrites dans le formulaire de commentaire, ainsi que votre adresse IP et l\u2019agent utilisateur de votre navigateur sont collect\u00e9s pour nous aider \u00e0 la d\u00e9tection des commentaires ind\u00e9sirables.<\/p>\n<!-- \/wp:paragraph -->\n\n<!-- wp:paragraph -->\n<p>Une cha\u00eene anonymis\u00e9e cr\u00e9\u00e9e \u00e0 partir de votre adresse e-mail (\u00e9galement appel\u00e9e hash) peut \u00eatre envoy\u00e9e au service Gravatar pour v\u00e9rifier si vous utilisez ce dernier. Les clauses de confidentialit\u00e9 du service Gravatar sont disponibles ici&nbsp;: https:\/\/automattic.com\/privacy\/. Apr\u00e8s validation de votre commentaire, votre photo de profil sera visible publiquement \u00e0 cot\u00e9 de votre commentaire.<\/p>\n<!-- \/wp:paragraph -->\n\n<!-- wp:heading -->\n<h2 class=\"wp-block-heading\">M\u00e9dias<\/h2>\n<!-- \/wp:heading -->\n\n<!-- wp:paragraph -->\n<p>Si vous t\u00e9l\u00e9versez des images sur le site, nous vous conseillons d\u2019\u00e9viter de t\u00e9l\u00e9verser des images contenant des donn\u00e9es EXIF de coordonn\u00e9es GPS. Les personnes visitant votre site peuvent t\u00e9l\u00e9charger et extraire des donn\u00e9es de localisation depuis ces images.<\/p>\n<!-- \/wp:paragraph -->\n\n<!-- wp:heading -->\n<h2 class=\"wp-block-heading\">Cookies<\/h2>\n<!-- \/wp:heading -->\n\n<!-- wp:paragraph -->\n<p>Si vous d\u00e9posez un commentaire sur notre site, il vous sera propos\u00e9 d\u2019enregistrer votre nom, adresse e-mail et site dans des cookies. C\u2019est uniquement pour votre confort afin de ne pas avoir \u00e0 saisir ces informations si vous d\u00e9posez un autre commentaire plus tard. Ces cookies expirent au bout d\u2019un an.<\/p>\n<!-- \/wp:paragraph -->\n\n<!-- wp:paragraph -->\n<p>Si vous vous rendez sur la page de connexion, un cookie temporaire sera cr\u00e9\u00e9 afin de d\u00e9terminer si votre navigateur accepte les cookies. Il ne contient pas de donn\u00e9es personnelles et sera supprim\u00e9 automatiquement \u00e0 la fermeture de votre navigateur.<\/p>\n<!-- \/wp:paragraph -->\n\n<!-- wp:paragraph -->\n<p>Lorsque vous vous connecterez, nous mettrons en place un certain nombre de cookies pour enregistrer vos informations de connexion et vos pr\u00e9f\u00e9rences d\u2019\u00e9cran. La dur\u00e9e de vie d\u2019un cookie de connexion est de deux jours, celle d\u2019un cookie d\u2019option d\u2019\u00e9cran est d\u2019un an. Si vous cochez \u00ab&nbsp;Se souvenir de moi&nbsp;\u00bb, votre cookie de connexion sera conserv\u00e9 pendant deux semaines. Si vous vous d\u00e9connectez de votre compte, le cookie de connexion sera effac\u00e9.<\/p>\n<!-- \/wp:paragraph -->\n\n<!-- wp:paragraph -->\n<p>En modifiant ou en publiant une publication, un cookie suppl\u00e9mentaire sera enregistr\u00e9 dans votre navigateur. Ce cookie ne comprend aucune donn\u00e9e personnelle. Il indique simplement l\u2019ID de la publication que vous venez de modifier. Il expire au bout d\u2019un jour.<\/p>\n<!-- \/wp:paragraph -->\n\n<!-- wp:heading -->\n<h2 class=\"wp-block-heading\">Contenu embarqu\u00e9 depuis d\u2019autres sites<\/h2>\n<!-- \/wp:heading -->\n\n<!-- wp:paragraph -->\n<p>Les articles de ce site peuvent inclure des contenus int\u00e9gr\u00e9s (par exemple des vid\u00e9os, images, articles\u2026). Le contenu int\u00e9gr\u00e9 depuis d\u2019autres sites se comporte de la m\u00eame mani\u00e8re que si le visiteur se rendait sur cet autre site.<\/p>\n<!-- \/wp:paragraph -->\n\n<!-- wp:paragraph -->\n<p>Ces sites web pourraient collecter des donn\u00e9es sur vous, utiliser des cookies, embarquer des outils de suivis tiers, suivre vos interactions avec ces contenus embarqu\u00e9s si vous disposez d\u2019un compte connect\u00e9 sur leur site web.<\/p>\n<!-- \/wp:paragraph -->\n\n<!-- wp:heading -->\n<h2 class=\"wp-block-heading\">Utilisation et transmission de vos donn\u00e9es personnelles<\/h2>\n<!-- \/wp:heading -->\n\n<!-- wp:paragraph -->\n<p>Si vous demandez une r\u00e9initialisation de votre mot de passe, votre adresse IP sera incluse dans l\u2019e-mail de r\u00e9initialisation.<\/p>\n<!-- \/wp:paragraph -->\n\n<!-- wp:heading -->\n<h2 class=\"wp-block-heading\">Dur\u00e9es de stockage de vos donn\u00e9es<\/h2>\n<!-- \/wp:heading -->\n\n<!-- wp:paragraph -->\n<p>Si vous laissez un commentaire, le commentaire et ses m\u00e9tadonn\u00e9es sont conserv\u00e9s ind\u00e9finiment. Cela permet de reconna\u00eetre et approuver automatiquement les commentaires suivants au lieu de les laisser dans la file de mod\u00e9ration.<\/p>\n<!-- \/wp:paragraph -->\n\n<!-- wp:paragraph -->\n<p>Pour les comptes qui s\u2019inscrivent sur notre site (le cas \u00e9ch\u00e9ant), nous stockons \u00e9galement les donn\u00e9es personnelles indiqu\u00e9es dans leur profil. Tous les comptes peuvent voir, modifier ou supprimer leurs informations personnelles \u00e0 tout moment (\u00e0 l\u2019exception de leur identifiant). Les gestionnaires du site peuvent aussi voir et modifier ces informations.<\/p>\n<!-- \/wp:paragraph -->\n\n<!-- wp:heading -->\n<h2 class=\"wp-block-heading\">Les droits que vous avez sur vos donn\u00e9es<\/h2>\n<!-- \/wp:heading -->\n\n<!-- wp:paragraph -->\n<p>Si vous avez un compte ou si vous avez laiss\u00e9 des commentaires sur le site, vous pouvez demander \u00e0 recevoir un fichier contenant toutes les donn\u00e9es personnelles que nous poss\u00e9dons \u00e0 votre sujet, incluant celles que vous nous avez fournies. Vous pouvez \u00e9galement demander la suppression des donn\u00e9es personnelles vous concernant. Cela ne prend pas en compte les donn\u00e9es stock\u00e9es \u00e0 des fins administratives, l\u00e9gales ou pour des raisons de s\u00e9curit\u00e9.<\/p>\n<!-- \/wp:paragraph -->\n\n<!-- wp:heading -->\n<h2 class=\"wp-block-heading\">O\u00f9 vos donn\u00e9es sont envoy\u00e9es<\/h2>\n<!-- \/wp:heading -->\n\n<!-- wp:paragraph -->\n<p>Les commentaires des visiteurs peuvent \u00eatre v\u00e9rifi\u00e9s \u00e0 l\u2019aide d\u2019un service automatis\u00e9 de d\u00e9tection des commentaires ind\u00e9sirables.<\/p>\n<!-- \/wp:paragraph -->","_et_gb_content_width":"","footnotes":""},"class_list":["post-1193","page","type-page","status-publish","hentry"],"yoast_head":"<!-- This site is optimized with the Yoast SEO plugin v27.4 - https:\/\/yoast.com\/product\/yoast-seo-wordpress\/ -->\n<title>Politique de confidentialit\u00e9 - Stay cool &amp; sail<\/title>\n<meta name=\"robots\" content=\"index, follow, max-snippet:-1, max-image-preview:large, max-video-preview:-1\" \/>\n<link rel=\"canonical\" href=\"https:\/\/staycoolandsail.com\/en\/politique-de-confidentialite\/\" \/>\n<meta property=\"og:locale\" content=\"en_GB\" \/>\n<meta property=\"og:type\" content=\"article\" \/>\n<meta property=\"og:title\" content=\"Politique de confidentialit\u00e9 - Stay cool &amp; sail\" \/>\n<meta property=\"og:description\" content=\"Politique de confidentialit\u00e9 1. Responsable du traitement Le responsable du traitement des donn\u00e9es pour ce site est : Fran\u00e7ois Enzler, 2 ch. de la Biolatte, CH-1260 Nyon, Suisse. Email : francois@staycoolandsail.com. 2. Collecte et finalit\u00e9s des donn\u00e9es Nous collectons les donn\u00e9es que vous nous transmettez via nos formulaires de contact ou de r\u00e9servation (nom, email, [&hellip;]\" \/>\n<meta property=\"og:url\" content=\"https:\/\/staycoolandsail.com\/en\/politique-de-confidentialite\/\" \/>\n<meta property=\"og:site_name\" content=\"Stay cool &amp; sail\" \/>\n<meta property=\"article:modified_time\" content=\"2026-04-03T12:13:57+00:00\" \/>\n<meta property=\"og:image\" content=\"https:\/\/staycoolandsail.com\/wp-content\/uploads\/2025\/12\/sigle-rvb.png\" \/>\n\t<meta property=\"og:image:width\" content=\"697\" \/>\n\t<meta property=\"og:image:height\" content=\"678\" \/>\n\t<meta property=\"og:image:type\" content=\"image\/png\" \/>\n<meta name=\"twitter:card\" content=\"summary_large_image\" \/>\n<meta name=\"twitter:label1\" content=\"Estimated reading time\" \/>\n\t<meta name=\"twitter:data1\" content=\"2 minutes\" \/>\n<script type=\"application\/ld+json\" class=\"yoast-schema-graph\">{\"@context\":\"https:\\\/\\\/schema.org\",\"@graph\":[{\"@type\":\"WebPage\",\"@id\":\"https:\\\/\\\/staycoolandsail.com\\\/politique-de-confidentialite\\\/\",\"url\":\"https:\\\/\\\/staycoolandsail.com\\\/politique-de-confidentialite\\\/\",\"name\":\"Politique de confidentialit\u00e9 - Stay cool &amp; sail\",\"isPartOf\":{\"@id\":\"https:\\\/\\\/staycoolandsail.com\\\/#website\"},\"datePublished\":\"2025-12-18T12:39:21+00:00\",\"dateModified\":\"2026-04-03T12:13:57+00:00\",\"breadcrumb\":{\"@id\":\"https:\\\/\\\/staycoolandsail.com\\\/politique-de-confidentialite\\\/#breadcrumb\"},\"inLanguage\":\"en-GB\",\"potentialAction\":[{\"@type\":\"ReadAction\",\"target\":[\"https:\\\/\\\/staycoolandsail.com\\\/politique-de-confidentialite\\\/\"]}]},{\"@type\":\"BreadcrumbList\",\"@id\":\"https:\\\/\\\/staycoolandsail.com\\\/politique-de-confidentialite\\\/#breadcrumb\",\"itemListElement\":[{\"@type\":\"ListItem\",\"position\":1,\"name\":\"Accueil\",\"item\":\"https:\\\/\\\/staycoolandsail.com\\\/\"},{\"@type\":\"ListItem\",\"position\":2,\"name\":\"Politique de confidentialit\u00e9\"}]},{\"@type\":\"WebSite\",\"@id\":\"https:\\\/\\\/staycoolandsail.com\\\/#website\",\"url\":\"https:\\\/\\\/staycoolandsail.com\\\/\",\"name\":\"Stay cool & sail\",\"description\":\"Formation Voile &amp; Location de Voiliers\",\"publisher\":{\"@id\":\"https:\\\/\\\/staycoolandsail.com\\\/#organization\"},\"alternateName\":\"Stay cool & sail\",\"potentialAction\":[{\"@type\":\"SearchAction\",\"target\":{\"@type\":\"EntryPoint\",\"urlTemplate\":\"https:\\\/\\\/staycoolandsail.com\\\/?s={search_term_string}\"},\"query-input\":{\"@type\":\"PropertyValueSpecification\",\"valueRequired\":true,\"valueName\":\"search_term_string\"}}],\"inLanguage\":\"en-GB\"},{\"@type\":\"Organization\",\"@id\":\"https:\\\/\\\/staycoolandsail.com\\\/#organization\",\"name\":\"Stay cool & sail\",\"alternateName\":\"Stay cool & sail\",\"url\":\"https:\\\/\\\/staycoolandsail.com\\\/\",\"logo\":{\"@type\":\"ImageObject\",\"inLanguage\":\"en-GB\",\"@id\":\"https:\\\/\\\/staycoolandsail.com\\\/#\\\/schema\\\/logo\\\/image\\\/\",\"url\":\"https:\\\/\\\/staycoolandsail.com\\\/wp-content\\\/uploads\\\/2025\\\/12\\\/sigle-rvb.png\",\"contentUrl\":\"https:\\\/\\\/staycoolandsail.com\\\/wp-content\\\/uploads\\\/2025\\\/12\\\/sigle-rvb.png\",\"width\":697,\"height\":678,\"caption\":\"Stay cool & sail\"},\"image\":{\"@id\":\"https:\\\/\\\/staycoolandsail.com\\\/#\\\/schema\\\/logo\\\/image\\\/\"}}]}<\/script>\n<!-- \/ Yoast SEO plugin. -->","yoast_head_json":{"title":"Politique de confidentialit\u00e9 - Stay cool &amp; sail","robots":{"index":"index","follow":"follow","max-snippet":"max-snippet:-1","max-image-preview":"max-image-preview:large","max-video-preview":"max-video-preview:-1"},"canonical":"https:\/\/staycoolandsail.com\/en\/politique-de-confidentialite\/","og_locale":"en_GB","og_type":"article","og_title":"Politique de confidentialit\u00e9 - Stay cool &amp; sail","og_description":"Politique de confidentialit\u00e9 1. Responsable du traitement Le responsable du traitement des donn\u00e9es pour ce site est : Fran\u00e7ois Enzler, 2 ch. de la Biolatte, CH-1260 Nyon, Suisse. Email : francois@staycoolandsail.com. 2. Collecte et finalit\u00e9s des donn\u00e9es Nous collectons les donn\u00e9es que vous nous transmettez via nos formulaires de contact ou de r\u00e9servation (nom, email, [&hellip;]","og_url":"https:\/\/staycoolandsail.com\/en\/politique-de-confidentialite\/","og_site_name":"Stay cool &amp; sail","article_modified_time":"2026-04-03T12:13:57+00:00","og_image":[{"width":697,"height":678,"url":"https:\/\/staycoolandsail.com\/wp-content\/uploads\/2025\/12\/sigle-rvb.png","type":"image\/png"}],"twitter_card":"summary_large_image","twitter_misc":{"Estimated reading time":"2 minutes"},"schema":{"@context":"https:\/\/schema.org","@graph":[{"@type":"WebPage","@id":"https:\/\/staycoolandsail.com\/politique-de-confidentialite\/","url":"https:\/\/staycoolandsail.com\/politique-de-confidentialite\/","name":"Politique de confidentialit\u00e9 - Stay cool &amp; sail","isPartOf":{"@id":"https:\/\/staycoolandsail.com\/#website"},"datePublished":"2025-12-18T12:39:21+00:00","dateModified":"2026-04-03T12:13:57+00:00","breadcrumb":{"@id":"https:\/\/staycoolandsail.com\/politique-de-confidentialite\/#breadcrumb"},"inLanguage":"en-GB","potentialAction":[{"@type":"ReadAction","target":["https:\/\/staycoolandsail.com\/politique-de-confidentialite\/"]}]},{"@type":"BreadcrumbList","@id":"https:\/\/staycoolandsail.com\/politique-de-confidentialite\/#breadcrumb","itemListElement":[{"@type":"ListItem","position":1,"name":"Accueil","item":"https:\/\/staycoolandsail.com\/"},{"@type":"ListItem","position":2,"name":"Politique de confidentialit\u00e9"}]},{"@type":"WebSite","@id":"https:\/\/staycoolandsail.com\/#website","url":"https:\/\/staycoolandsail.com\/","name":"Stay cool & sail","description":"Formation Voile &amp; Location de Voiliers","publisher":{"@id":"https:\/\/staycoolandsail.com\/#organization"},"alternateName":"Stay cool & sail","potentialAction":[{"@type":"SearchAction","target":{"@type":"EntryPoint","urlTemplate":"https:\/\/staycoolandsail.com\/?s={search_term_string}"},"query-input":{"@type":"PropertyValueSpecification","valueRequired":true,"valueName":"search_term_string"}}],"inLanguage":"en-GB"},{"@type":"Organization","@id":"https:\/\/staycoolandsail.com\/#organization","name":"Stay cool & sail","alternateName":"Stay cool & sail","url":"https:\/\/staycoolandsail.com\/","logo":{"@type":"ImageObject","inLanguage":"en-GB","@id":"https:\/\/staycoolandsail.com\/#\/schema\/logo\/image\/","url":"https:\/\/staycoolandsail.com\/wp-content\/uploads\/2025\/12\/sigle-rvb.png","contentUrl":"https:\/\/staycoolandsail.com\/wp-content\/uploads\/2025\/12\/sigle-rvb.png","width":697,"height":678,"caption":"Stay cool & sail"},"image":{"@id":"https:\/\/staycoolandsail.com\/#\/schema\/logo\/image\/"}}]}},"_links":{"self":[{"href":"https:\/\/staycoolandsail.com\/en\/wp-json\/wp\/v2\/pages\/1193","targetHints":{"allow":["GET"]}}],"collection":[{"href":"https:\/\/staycoolandsail.com\/en\/wp-json\/wp\/v2\/pages"}],"about":[{"href":"https:\/\/staycoolandsail.com\/en\/wp-json\/wp\/v2\/types\/page"}],"author":[{"embeddable":true,"href":"https:\/\/staycoolandsail.com\/en\/wp-json\/wp\/v2\/users\/1"}],"replies":[{"embeddable":true,"href":"https:\/\/staycoolandsail.com\/en\/wp-json\/wp\/v2\/comments?post=1193"}],"version-history":[{"count":4,"href":"https:\/\/staycoolandsail.com\/en\/wp-json\/wp\/v2\/pages\/1193\/revisions"}],"predecessor-version":[{"id":1820,"href":"https:\/\/staycoolandsail.com\/en\/wp-json\/wp\/v2\/pages\/1193\/revisions\/1820"}],"wp:attachment":[{"href":"https:\/\/staycoolandsail.com\/en\/wp-json\/wp\/v2\/media?parent=1193"}],"curies":[{"name":"wp","href":"https:\/\/api.w.org\/{rel}","templated":true}]}}